{"id":37780,"date":"2023-06-22T18:11:39","date_gmt":"2023-06-22T16:11:39","guid":{"rendered":"https:\/\/chmedica.ch\/prodotto\/pese-bebe-et-pese-enfant-electronique\/"},"modified":"2024-01-02T15:47:41","modified_gmt":"2024-01-02T14:47:41","slug":"pese-bebe-et-pese-enfant-electronique","status":"publish","type":"product","link":"https:\/\/chmedica.ch\/fr\/produit\/pese-bebe-et-pese-enfant-electronique\/","title":{"rendered":"P\u00c8SE-B\u00c9B\u00c9 ET P\u00c8SE-ENFANT \u00c9LECTRONIQUE"},"content":{"rendered":"<p>Capacit\u00e9: 20 kg<br \/>\nSensibilit\u00e9: 5 g<br \/>\nDimensions support: 525 x 305 x 63-95 mm<br \/>\nPoids: 2 kg<br \/>\nDimensions emballage: 540 x 300 x 110 mm<br \/>\nBatterie: 2 x CR2032 batteries au lithium<\/p>\n","protected":false},"excerpt":{"rendered":"<p>BALANCE NUM\u00c9RIQUE POUR ENFANTS ET NOUVEAU-N\u00c9S<\/p>\n<p>Balance multifonctions, pour enfants et nouveau-n\u00e9s, avec plateau en plastique amovible.<br \/>\n\u00c1 utiliser avec plateau pour les nouveau-n\u00e9s ou sans pour les enfants.<br \/>\nM\u00e9morise la diff\u00e9rence entre 2 poids: il est possible d\u2019observer l\u2019augmentation de poids du nourisson<br \/>\napr\u00e8s lui avoir donn\u00e9 \u00e0 manger. \u00c9cran LCD facile \u00e0 lire.<br \/>\nFonction de r\u00e9initialisation automatique, auto-tare et auto-attente. Arr\u00eat automatique et indicateur de batterie faible.<br \/>\nCommutable en kg\/lb\/st.<\/p>\n<p>Manuel multilingue et bo\u00eete en: GB, FR, IT, ES, PT, PL, DE, RO, CZ, HR, HU, SI.<\/p>\n","protected":false},"featured_media":37756,"template":"","meta":{"_acf_changed":false},"product_brand":[],"product_cat":[946,1080],"product_tag":[],"class_list":{"0":"post-37780","1":"product","2":"type-product","3":"status-publish","4":"has-post-thumbnail","6":"product_cat-balance-et-le-compteur-medical","7":"product_cat-pese-bebe-medical","9":"first","10":"onbackorder","11":"taxable","12":"shipping-taxable","13":"purchasable","14":"product-type-simple"},"acf":{"fornitore":"GIMA","standard_accessori":"","unita_misura":"1 pz."},"_links":{"self":[{"href":"https:\/\/chmedica.ch\/fr\/wp-json\/wp\/v2\/product\/37780","targetHints":{"allow":["GET"]}}],"collection":[{"href":"https:\/\/chmedica.ch\/fr\/wp-json\/wp\/v2\/product"}],"about":[{"href":"https:\/\/chmedica.ch\/fr\/wp-json\/wp\/v2\/types\/product"}],"wp:featuredmedia":[{"embeddable":true,"href":"https:\/\/chmedica.ch\/fr\/wp-json\/wp\/v2\/media\/37756"}],"wp:attachment":[{"href":"https:\/\/chmedica.ch\/fr\/wp-json\/wp\/v2\/media?parent=37780"}],"wp:term":[{"taxonomy":"product_brand","embeddable":true,"href":"https:\/\/chmedica.ch\/fr\/wp-json\/wp\/v2\/product_brand?post=37780"},{"taxonomy":"product_cat","embeddable":true,"href":"https:\/\/chmedica.ch\/fr\/wp-json\/wp\/v2\/product_cat?post=37780"},{"taxonomy":"product_tag","embeddable":true,"href":"https:\/\/chmedica.ch\/fr\/wp-json\/wp\/v2\/product_tag?post=37780"}],"curies":[{"name":"wp","href":"https:\/\/api.w.org\/{rel}","templated":true}]}}