{"id":37702,"date":"2023-06-22T18:11:10","date_gmt":"2023-06-22T16:11:10","guid":{"rendered":"https:\/\/chmedica.ch\/prodotto\/pese-bebe-family\/"},"modified":"2024-01-02T15:46:03","modified_gmt":"2024-01-02T14:46:03","slug":"pese-bebe-family","status":"publish","type":"product","link":"https:\/\/chmedica.ch\/fr\/produit\/pese-bebe-family\/","title":{"rendered":"P\u00c8SE-B\u00c9B\u00c9 FAMILY"},"content":{"rendered":"","protected":false},"excerpt":{"rendered":"<p>P\u00e8se-b\u00e9b\u00e9 pour l&rsquo;utilisation \u00e0 domicile.<\/p>\n<p>&#8211; Capacit\u00e9: 20 kg \/ 44 lbs<br \/>\n&#8211; Graduation: 50 g (0-10 kg); 100 g (10-20 kg)<br \/>\n&#8211; Plateau en plastique<br \/>\n&#8211; Cadran en kg et lbs<br \/>\n&#8211; R\u00e9glage manuel du z\u00e9ro<\/p>\n","protected":false},"featured_media":37696,"template":"","meta":{"_acf_changed":false},"product_brand":[],"product_cat":[946,1080],"product_tag":[],"class_list":{"0":"post-37702","1":"product","2":"type-product","3":"status-publish","4":"has-post-thumbnail","6":"product_cat-balance-et-le-compteur-medical","7":"product_cat-pese-bebe-medical","9":"first","10":"onbackorder","11":"taxable","12":"shipping-taxable","13":"purchasable","14":"product-type-simple"},"acf":{"fornitore":"GIMA","standard_accessori":"","unita_misura":"1 pz."},"_links":{"self":[{"href":"https:\/\/chmedica.ch\/fr\/wp-json\/wp\/v2\/product\/37702","targetHints":{"allow":["GET"]}}],"collection":[{"href":"https:\/\/chmedica.ch\/fr\/wp-json\/wp\/v2\/product"}],"about":[{"href":"https:\/\/chmedica.ch\/fr\/wp-json\/wp\/v2\/types\/product"}],"wp:featuredmedia":[{"embeddable":true,"href":"https:\/\/chmedica.ch\/fr\/wp-json\/wp\/v2\/media\/37696"}],"wp:attachment":[{"href":"https:\/\/chmedica.ch\/fr\/wp-json\/wp\/v2\/media?parent=37702"}],"wp:term":[{"taxonomy":"product_brand","embeddable":true,"href":"https:\/\/chmedica.ch\/fr\/wp-json\/wp\/v2\/product_brand?post=37702"},{"taxonomy":"product_cat","embeddable":true,"href":"https:\/\/chmedica.ch\/fr\/wp-json\/wp\/v2\/product_cat?post=37702"},{"taxonomy":"product_tag","embeddable":true,"href":"https:\/\/chmedica.ch\/fr\/wp-json\/wp\/v2\/product_tag?post=37702"}],"curies":[{"name":"wp","href":"https:\/\/api.w.org\/{rel}","templated":true}]}}