{"id":37693,"date":"2023-06-22T18:11:05","date_gmt":"2023-06-22T16:11:05","guid":{"rendered":"https:\/\/chmedica.ch\/prodotto\/pese-bebe-mecanique-gima\/"},"modified":"2024-01-02T15:45:50","modified_gmt":"2024-01-02T14:45:50","slug":"pese-bebe-mecanique-gima","status":"publish","type":"product","link":"https:\/\/chmedica.ch\/fr\/produit\/pese-bebe-mecanique-gima\/","title":{"rendered":"P\u00c8SE-B\u00c9B\u00c9 M\u00c9CANIQUE GIMA"},"content":{"rendered":"<p>Capacit\u00e9: 20 kg<br \/>\nPr\u00e9cision: 10 g<br \/>\nDimensions: 570x330x285 mm<br \/>\nPoids: 6,5 kg<\/p>\n","protected":false},"excerpt":{"rendered":"<p>Capacit\u00e9: 20 kg Pr\u00e9cision: 10 g Dimensions: 570x330x285 mm Poids: 6,5 kg<\/p>\n","protected":false},"featured_media":37675,"template":"","meta":{"_acf_changed":false},"product_brand":[],"product_cat":[946,1080],"product_tag":[],"class_list":{"0":"post-37693","1":"product","2":"type-product","3":"status-publish","4":"has-post-thumbnail","6":"product_cat-balance-et-le-compteur-medical","7":"product_cat-pese-bebe-medical","9":"first","10":"onbackorder","11":"taxable","12":"shipping-taxable","13":"purchasable","14":"product-type-simple"},"acf":{"fornitore":"GIMA","standard_accessori":"","unita_misura":"1 pz."},"_links":{"self":[{"href":"https:\/\/chmedica.ch\/fr\/wp-json\/wp\/v2\/product\/37693","targetHints":{"allow":["GET"]}}],"collection":[{"href":"https:\/\/chmedica.ch\/fr\/wp-json\/wp\/v2\/product"}],"about":[{"href":"https:\/\/chmedica.ch\/fr\/wp-json\/wp\/v2\/types\/product"}],"wp:featuredmedia":[{"embeddable":true,"href":"https:\/\/chmedica.ch\/fr\/wp-json\/wp\/v2\/media\/37675"}],"wp:attachment":[{"href":"https:\/\/chmedica.ch\/fr\/wp-json\/wp\/v2\/media?parent=37693"}],"wp:term":[{"taxonomy":"product_brand","embeddable":true,"href":"https:\/\/chmedica.ch\/fr\/wp-json\/wp\/v2\/product_brand?post=37693"},{"taxonomy":"product_cat","embeddable":true,"href":"https:\/\/chmedica.ch\/fr\/wp-json\/wp\/v2\/product_cat?post=37693"},{"taxonomy":"product_tag","embeddable":true,"href":"https:\/\/chmedica.ch\/fr\/wp-json\/wp\/v2\/product_tag?post=37693"}],"curies":[{"name":"wp","href":"https:\/\/api.w.org\/{rel}","templated":true}]}}