{"id":37399,"date":"2023-06-22T18:08:43","date_gmt":"2023-06-22T16:08:43","guid":{"rendered":"https:\/\/chmedica.ch\/prodotto\/sac-de-transport-pour-27266\/"},"modified":"2024-01-02T15:41:04","modified_gmt":"2024-01-02T14:41:04","slug":"sac-de-transport-pour-27266","status":"publish","type":"product","link":"https:\/\/chmedica.ch\/fr\/produit\/sac-de-transport-pour-27266\/","title":{"rendered":"SAC DE TRANSPORT pour 27266"},"content":{"rendered":"","protected":false},"excerpt":{"rendered":"<p>Sac de transport pour p\u00e8se b\u00e9b\u00e9 repliable Soehnle 8320 (code 27266).<\/p>\n","protected":false},"featured_media":37393,"template":"","meta":{"_acf_changed":false},"product_brand":[],"product_cat":[946,1080],"product_tag":[],"class_list":{"0":"post-37399","1":"product","2":"type-product","3":"status-publish","4":"has-post-thumbnail","6":"product_cat-balance-et-le-compteur-medical","7":"product_cat-pese-bebe-medical","9":"first","10":"onbackorder","11":"taxable","12":"shipping-taxable","13":"purchasable","14":"product-type-simple"},"acf":{"fornitore":"GIMA","standard_accessori":"","unita_misura":"1 pz."},"_links":{"self":[{"href":"https:\/\/chmedica.ch\/fr\/wp-json\/wp\/v2\/product\/37399","targetHints":{"allow":["GET"]}}],"collection":[{"href":"https:\/\/chmedica.ch\/fr\/wp-json\/wp\/v2\/product"}],"about":[{"href":"https:\/\/chmedica.ch\/fr\/wp-json\/wp\/v2\/types\/product"}],"wp:featuredmedia":[{"embeddable":true,"href":"https:\/\/chmedica.ch\/fr\/wp-json\/wp\/v2\/media\/37393"}],"wp:attachment":[{"href":"https:\/\/chmedica.ch\/fr\/wp-json\/wp\/v2\/media?parent=37399"}],"wp:term":[{"taxonomy":"product_brand","embeddable":true,"href":"https:\/\/chmedica.ch\/fr\/wp-json\/wp\/v2\/product_brand?post=37399"},{"taxonomy":"product_cat","embeddable":true,"href":"https:\/\/chmedica.ch\/fr\/wp-json\/wp\/v2\/product_cat?post=37399"},{"taxonomy":"product_tag","embeddable":true,"href":"https:\/\/chmedica.ch\/fr\/wp-json\/wp\/v2\/product_tag?post=37399"}],"curies":[{"name":"wp","href":"https:\/\/api.w.org\/{rel}","templated":true}]}}