{"id":37363,"date":"2023-06-22T18:08:23","date_gmt":"2023-06-22T16:08:23","guid":{"rendered":"https:\/\/chmedica.ch\/prodotto\/soehnle-8320-pese-bebe-repliable\/"},"modified":"2024-01-02T15:40:36","modified_gmt":"2024-01-02T14:40:36","slug":"soehnle-8320-pese-bebe-repliable","status":"publish","type":"product","link":"https:\/\/chmedica.ch\/fr\/produit\/soehnle-8320-pese-bebe-repliable\/","title":{"rendered":"SOEHNLE 8320 &#8211; P\u00c8SE-B\u00c9B\u00c9 REPLIABLE"},"content":{"rendered":"<p>Capacit\u00e9: 15 kg<br \/>\nPoids: 1,9 kg<br \/>\nPr\u00e9cision: 10 g<br \/>\nDimensions: 395 x 315 x 105 mm (ferm\u00e9e) &#8211; 740 x 315 x 53 mm (ouverte)<br \/>\n2 piles alcalines AAA 1,5 V &#8211; non incluses<br \/>\nGarantie: 2 ans<\/p>\n","protected":false},"excerpt":{"rendered":"<p>P\u00e8se-b\u00e9b\u00e9 repliable facilement transportable.<\/p>\n<p>&#8211; M\u00e9canisme de fermeture avec verrouillage magn\u00e9tique<br \/>\n&#8211; Ouverture facile: \u00e9carter les deux parties de la poign\u00e9e<br \/>\n&#8211; Tarage possible du drap situ\u00e9 sous le b\u00e9b\u00e9<br \/>\n&#8211; Affichage du poids stable gr\u00e2ce au filtrage et \u00e0 la fonction \u00ab\u00a0hold\u00a0\u00bb<br \/>\n&#8211; Bonne lisibilit\u00e9 gr\u00e2ce \u00e0 un affichage \u00e0 cristaux liquides<br \/>\n&#8211; Double lecture en kg\/lb<br \/>\n&#8211; Mode d&#8217;emploi en: DE, GB, FR, ES, IT, GR, CZ, Arabe.<\/p>\n","protected":false},"featured_media":37333,"template":"","meta":{"_acf_changed":false},"product_brand":[],"product_cat":[946,1080],"product_tag":[],"class_list":{"0":"post-37363","1":"product","2":"type-product","3":"status-publish","4":"has-post-thumbnail","6":"product_cat-balance-et-le-compteur-medical","7":"product_cat-pese-bebe-medical","9":"first","10":"onbackorder","11":"taxable","12":"shipping-taxable","13":"purchasable","14":"product-type-simple"},"acf":{"fornitore":"GIMA","standard_accessori":"","unita_misura":"1 pz."},"_links":{"self":[{"href":"https:\/\/chmedica.ch\/fr\/wp-json\/wp\/v2\/product\/37363","targetHints":{"allow":["GET"]}}],"collection":[{"href":"https:\/\/chmedica.ch\/fr\/wp-json\/wp\/v2\/product"}],"about":[{"href":"https:\/\/chmedica.ch\/fr\/wp-json\/wp\/v2\/types\/product"}],"wp:featuredmedia":[{"embeddable":true,"href":"https:\/\/chmedica.ch\/fr\/wp-json\/wp\/v2\/media\/37333"}],"wp:attachment":[{"href":"https:\/\/chmedica.ch\/fr\/wp-json\/wp\/v2\/media?parent=37363"}],"wp:term":[{"taxonomy":"product_brand","embeddable":true,"href":"https:\/\/chmedica.ch\/fr\/wp-json\/wp\/v2\/product_brand?post=37363"},{"taxonomy":"product_cat","embeddable":true,"href":"https:\/\/chmedica.ch\/fr\/wp-json\/wp\/v2\/product_cat?post=37363"},{"taxonomy":"product_tag","embeddable":true,"href":"https:\/\/chmedica.ch\/fr\/wp-json\/wp\/v2\/product_tag?post=37363"}],"curies":[{"name":"wp","href":"https:\/\/api.w.org\/{rel}","templated":true}]}}