{"id":37309,"date":"2023-06-22T18:08:08","date_gmt":"2023-06-22T16:08:08","guid":{"rendered":"https:\/\/chmedica.ch\/prodotto\/soehnle-toise-bebe-pour-27260-et-27306\/"},"modified":"2024-01-02T15:40:21","modified_gmt":"2024-01-02T14:40:21","slug":"soehnle-toise-bebe-pour-27260-et-27306","status":"publish","type":"product","link":"https:\/\/chmedica.ch\/fr\/produit\/soehnle-toise-bebe-pour-27260-et-27306\/","title":{"rendered":"SOEHNLE TOISE B\u00c9B\u00c9 pour 27260 et 27306"},"content":{"rendered":"","protected":false},"excerpt":{"rendered":"<p>Toise m\u00e9canique et num\u00e9rique, 35 \u00e0 80 cm, graduation 1 mm.<br \/>\n\u00c9cran LCD, chiffres 16 mm.<\/p>\n<p>Mode d\u2019emploi en 23 langues.<\/p>\n<p>Mesure possible en pouces.<br \/>\nDimensions: 630 x 290 x 70 mm.<br \/>\nAlimentation: piles AAA 2 x 1,5V.<br \/>\nComprend un adaptateur pour la fixation aux p\u00e8se-b\u00e9b\u00e9s 27260.<\/p>\n","protected":false},"featured_media":37303,"template":"","meta":{"_acf_changed":false},"product_brand":[],"product_cat":[946,1080],"product_tag":[],"class_list":{"0":"post-37309","1":"product","2":"type-product","3":"status-publish","4":"has-post-thumbnail","6":"product_cat-balance-et-le-compteur-medical","7":"product_cat-pese-bebe-medical","9":"first","10":"onbackorder","11":"taxable","12":"shipping-taxable","13":"purchasable","14":"product-type-simple"},"acf":{"fornitore":"GIMA","standard_accessori":"","unita_misura":"1 pz."},"_links":{"self":[{"href":"https:\/\/chmedica.ch\/fr\/wp-json\/wp\/v2\/product\/37309","targetHints":{"allow":["GET"]}}],"collection":[{"href":"https:\/\/chmedica.ch\/fr\/wp-json\/wp\/v2\/product"}],"about":[{"href":"https:\/\/chmedica.ch\/fr\/wp-json\/wp\/v2\/types\/product"}],"wp:featuredmedia":[{"embeddable":true,"href":"https:\/\/chmedica.ch\/fr\/wp-json\/wp\/v2\/media\/37303"}],"wp:attachment":[{"href":"https:\/\/chmedica.ch\/fr\/wp-json\/wp\/v2\/media?parent=37309"}],"wp:term":[{"taxonomy":"product_brand","embeddable":true,"href":"https:\/\/chmedica.ch\/fr\/wp-json\/wp\/v2\/product_brand?post=37309"},{"taxonomy":"product_cat","embeddable":true,"href":"https:\/\/chmedica.ch\/fr\/wp-json\/wp\/v2\/product_cat?post=37309"},{"taxonomy":"product_tag","embeddable":true,"href":"https:\/\/chmedica.ch\/fr\/wp-json\/wp\/v2\/product_tag?post=37309"}],"curies":[{"name":"wp","href":"https:\/\/api.w.org\/{rel}","templated":true}]}}