{"id":37273,"date":"2023-06-22T18:07:51","date_gmt":"2023-06-22T16:07:51","guid":{"rendered":"https:\/\/chmedica.ch\/prodotto\/balance-veterinaire-digitale-grande\/"},"modified":"2024-01-02T15:39:53","modified_gmt":"2024-01-02T14:39:53","slug":"balance-veterinaire-digitale-grande","status":"publish","type":"product","link":"https:\/\/chmedica.ch\/fr\/produit\/balance-veterinaire-digitale-grande\/","title":{"rendered":"BALANCE V\u00c9T\u00c9RINAIRE DIGITALE &#8211; grande"},"content":{"rendered":"<p>Capacity\/Sensitivity: 100 kg\/100 g<br \/>\nMinimum measurable weight: 2 kg<br \/>\nDimensions: 620&#215;830 mm<br \/>\nLithium battery: included<br \/>\nAutomatic switch-off<\/p>\n","protected":false},"excerpt":{"rendered":"<p>BALANCE NUM\u00c9RIQUE V\u00c9T\u00c9RINAIRE &#8211; grande<\/p>\n<p>Balance multifonction \u00e9lectronique pr\u00e9cise, disponible en 2 tailles.<br \/>\nProduit de qualit\u00e9 \u00e0 un prix tr\u00e8s comp\u00e9titif.<br \/>\nFabriqu\u00e9es en Europe.<\/p>\n","protected":false},"featured_media":37267,"template":"","meta":{"_acf_changed":false},"product_brand":[],"product_cat":[1144,792],"product_tag":[],"class_list":{"0":"post-37273","1":"product","2":"type-product","3":"status-publish","4":"has-post-thumbnail","6":"product_cat-balance-veterinaire","7":"product_cat-veterinaire","9":"first","10":"onbackorder","11":"taxable","12":"shipping-taxable","13":"purchasable","14":"product-type-simple"},"acf":{"fornitore":"GIMA","standard_accessori":"","unita_misura":"1 pz."},"_links":{"self":[{"href":"https:\/\/chmedica.ch\/fr\/wp-json\/wp\/v2\/product\/37273","targetHints":{"allow":["GET"]}}],"collection":[{"href":"https:\/\/chmedica.ch\/fr\/wp-json\/wp\/v2\/product"}],"about":[{"href":"https:\/\/chmedica.ch\/fr\/wp-json\/wp\/v2\/types\/product"}],"wp:featuredmedia":[{"embeddable":true,"href":"https:\/\/chmedica.ch\/fr\/wp-json\/wp\/v2\/media\/37267"}],"wp:attachment":[{"href":"https:\/\/chmedica.ch\/fr\/wp-json\/wp\/v2\/media?parent=37273"}],"wp:term":[{"taxonomy":"product_brand","embeddable":true,"href":"https:\/\/chmedica.ch\/fr\/wp-json\/wp\/v2\/product_brand?post=37273"},{"taxonomy":"product_cat","embeddable":true,"href":"https:\/\/chmedica.ch\/fr\/wp-json\/wp\/v2\/product_cat?post=37273"},{"taxonomy":"product_tag","embeddable":true,"href":"https:\/\/chmedica.ch\/fr\/wp-json\/wp\/v2\/product_tag?post=37273"}],"curies":[{"name":"wp","href":"https:\/\/api.w.org\/{rel}","templated":true}]}}