{"id":37117,"date":"2023-06-22T18:06:33","date_gmt":"2023-06-22T16:06:33","guid":{"rendered":"https:\/\/chmedica.ch\/prodotto\/bracelet-suiveur-dactivite-fitband-plus\/"},"modified":"2024-01-02T15:38:00","modified_gmt":"2024-01-02T14:38:00","slug":"bracelet-suiveur-dactivite-fitband-plus","status":"publish","type":"product","link":"https:\/\/chmedica.ch\/fr\/produit\/bracelet-suiveur-dactivite-fitband-plus\/","title":{"rendered":"BRACELET SUIVEUR D&rsquo;ACTIVIT\u00c9 FITBAND PLUS"},"content":{"rendered":"<p>\u00c9cran: 4 niveaux de luminosit\u00e9 r\u00e9glables<br \/>\nDimensions: 42x23x9,5 mm<br \/>\nCapacit\u00e9 batterie: 90 mAh<br \/>\nAlimentation: batterie USB rechargeable<br \/>\nProtection contre liquides: IP67<\/p>\n","protected":false},"excerpt":{"rendered":"<p>BRACELET SUIVEUR D&rsquo;ACTIVIT\u00c9 FITBAND PLUS &#8211; noir<\/p>\n<p>6 param\u00e8tres de sant\u00e9 + pas &amp; distance + 5 activit\u00e9s sportives<\/p>\n<p>Bracelets intelligents imperm\u00e9ables pour suivre plusieurs param\u00e8tres: temp\u00e9rature, fr\u00e9quence cardiaque, calories, pression art\u00e9rieuse, SpO2, sommeil, pas + distance et sports.<br \/>\nTrois types de modes sport sont s\u00e9lectionnables: course, v\u00e9lo, saut \u00e0 la corde.<br \/>\nIls affichent \u00e9galement rappels ou rejets d&rsquo;appel, pouss\u00e9es d&rsquo;informations, m\u00e9t\u00e9o, chronom\u00e8tre, r\u00e9veil et photos.<\/p>\n","protected":false},"featured_media":37099,"template":"","meta":{"_acf_changed":false},"product_brand":[],"product_cat":[946,1900],"product_tag":[],"class_list":{"0":"post-37117","1":"product","2":"type-product","3":"status-publish","4":"has-post-thumbnail","6":"product_cat-balance-et-le-compteur-medical","7":"product_cat-compteurs-medicaux-et-cardiofrequencemetres","9":"first","10":"onbackorder","11":"taxable","12":"shipping-taxable","13":"purchasable","14":"product-type-simple"},"acf":{"fornitore":"GIMA","standard_accessori":"","unita_misura":"1 pz."},"_links":{"self":[{"href":"https:\/\/chmedica.ch\/fr\/wp-json\/wp\/v2\/product\/37117","targetHints":{"allow":["GET"]}}],"collection":[{"href":"https:\/\/chmedica.ch\/fr\/wp-json\/wp\/v2\/product"}],"about":[{"href":"https:\/\/chmedica.ch\/fr\/wp-json\/wp\/v2\/types\/product"}],"wp:featuredmedia":[{"embeddable":true,"href":"https:\/\/chmedica.ch\/fr\/wp-json\/wp\/v2\/media\/37099"}],"wp:attachment":[{"href":"https:\/\/chmedica.ch\/fr\/wp-json\/wp\/v2\/media?parent=37117"}],"wp:term":[{"taxonomy":"product_brand","embeddable":true,"href":"https:\/\/chmedica.ch\/fr\/wp-json\/wp\/v2\/product_brand?post=37117"},{"taxonomy":"product_cat","embeddable":true,"href":"https:\/\/chmedica.ch\/fr\/wp-json\/wp\/v2\/product_cat?post=37117"},{"taxonomy":"product_tag","embeddable":true,"href":"https:\/\/chmedica.ch\/fr\/wp-json\/wp\/v2\/product_tag?post=37117"}],"curies":[{"name":"wp","href":"https:\/\/api.w.org\/{rel}","templated":true}]}}