{"id":36607,"date":"2023-06-22T18:02:16","date_gmt":"2023-06-22T16:02:16","guid":{"rendered":"https:\/\/chmedica.ch\/prodotto\/sac-a-dos-a-roulettes-logic-2-pvc\/"},"modified":"2024-01-02T15:32:44","modified_gmt":"2024-01-02T14:32:44","slug":"sac-a-dos-a-roulettes-logic-2-pvc","status":"publish","type":"product","link":"https:\/\/chmedica.ch\/fr\/produit\/sac-a-dos-a-roulettes-logic-2-pvc\/","title":{"rendered":"SAC \u00c0 DOS \u00c0 ROULETTES LOGIC 2 PVC"},"content":{"rendered":"","protected":false},"excerpt":{"rendered":"<p>SAC \u00c0 DOS \u00c0 ROULETTES D\u2019URGENCE EN PVC LOGIC 2 &#8211; 49 x 31 x 57 cm<\/p>\n<p>Fourni avec 6 pochettes color\u00e9es avec fen\u00eatre transparente et bandes velcro, 2 poches ant\u00e9rieures et 2 poches lat\u00e9rales.<\/p>\n<p>Des bandes velcro et des \u00e9lastiques internes pour retenir les instruments.<\/p>\n<p>Division centrale avec fermeture \u00e9clair et \u00e9lastiques.<\/p>\n<p>Fourni avec des bandes jaunes r\u00e9fl\u00e9chissantes et des sangles d\u2019\u00e9paule.<\/p>\n","protected":false},"featured_media":36571,"template":"","meta":{"_acf_changed":false},"product_brand":[],"product_cat":[1164,806],"product_tag":[],"class_list":{"0":"post-36607","1":"product","2":"type-product","3":"status-publish","4":"has-post-thumbnail","6":"product_cat-sacs-en-nylon-et-sacs-a-dos","7":"product_cat-sacs-medicaux","9":"first","10":"onbackorder","11":"taxable","12":"shipping-taxable","13":"purchasable","14":"product-type-simple"},"acf":{"fornitore":"GIMA","standard_accessori":"","unita_misura":"1 pz."},"_links":{"self":[{"href":"https:\/\/chmedica.ch\/fr\/wp-json\/wp\/v2\/product\/36607","targetHints":{"allow":["GET"]}}],"collection":[{"href":"https:\/\/chmedica.ch\/fr\/wp-json\/wp\/v2\/product"}],"about":[{"href":"https:\/\/chmedica.ch\/fr\/wp-json\/wp\/v2\/types\/product"}],"wp:featuredmedia":[{"embeddable":true,"href":"https:\/\/chmedica.ch\/fr\/wp-json\/wp\/v2\/media\/36571"}],"wp:attachment":[{"href":"https:\/\/chmedica.ch\/fr\/wp-json\/wp\/v2\/media?parent=36607"}],"wp:term":[{"taxonomy":"product_brand","embeddable":true,"href":"https:\/\/chmedica.ch\/fr\/wp-json\/wp\/v2\/product_brand?post=36607"},{"taxonomy":"product_cat","embeddable":true,"href":"https:\/\/chmedica.ch\/fr\/wp-json\/wp\/v2\/product_cat?post=36607"},{"taxonomy":"product_tag","embeddable":true,"href":"https:\/\/chmedica.ch\/fr\/wp-json\/wp\/v2\/product_tag?post=36607"}],"curies":[{"name":"wp","href":"https:\/\/api.w.org\/{rel}","templated":true}]}}