{"id":36361,"date":"2023-06-22T18:00:55","date_gmt":"2023-06-22T16:00:55","guid":{"rendered":"https:\/\/chmedica.ch\/prodotto\/sac-de-secours-rouge\/"},"modified":"2024-01-02T15:31:54","modified_gmt":"2024-01-02T14:31:54","slug":"sac-de-secours-rouge","status":"publish","type":"product","link":"https:\/\/chmedica.ch\/fr\/produit\/sac-de-secours-rouge\/","title":{"rendered":"SAC DE SECOURS &#8211; rouge"},"content":{"rendered":"","protected":false},"excerpt":{"rendered":"<p>SAC DE SECOURS<\/p>\n<p>&#8211; polyester<br \/>\n&#8211; rouge<br \/>\n&#8211; 35 x 45 x h 21 cm<\/p>\n<p>Des sacs tr\u00e8s spacieux aux dimensions compactes. Compartiment central large, 1 poche frontale et 3 lat\u00e9rales.<br \/>\nPossibilit\u00e9 de transport sur le dos (bretelles) ou \u00e0 la main (2 poign\u00e9es).<\/p>\n<p>Fabriqu\u00e9s en mat\u00e9riau solide et imperm\u00e9able (polyester 600D). Dot\u00e9s de bandes r\u00e9fl\u00e9chissantes jaunes et fond en caoutchouc.<\/p>\n","protected":false},"featured_media":36349,"template":"","meta":{"_acf_changed":false},"product_brand":[],"product_cat":[1164,806],"product_tag":[],"class_list":{"0":"post-36361","1":"product","2":"type-product","3":"status-publish","4":"has-post-thumbnail","6":"product_cat-sacs-en-nylon-et-sacs-a-dos","7":"product_cat-sacs-medicaux","9":"first","10":"onbackorder","11":"taxable","12":"shipping-taxable","13":"purchasable","14":"product-type-simple"},"acf":{"fornitore":"GIMA","standard_accessori":"","unita_misura":"1 pz."},"_links":{"self":[{"href":"https:\/\/chmedica.ch\/fr\/wp-json\/wp\/v2\/product\/36361","targetHints":{"allow":["GET"]}}],"collection":[{"href":"https:\/\/chmedica.ch\/fr\/wp-json\/wp\/v2\/product"}],"about":[{"href":"https:\/\/chmedica.ch\/fr\/wp-json\/wp\/v2\/types\/product"}],"wp:featuredmedia":[{"embeddable":true,"href":"https:\/\/chmedica.ch\/fr\/wp-json\/wp\/v2\/media\/36349"}],"wp:attachment":[{"href":"https:\/\/chmedica.ch\/fr\/wp-json\/wp\/v2\/media?parent=36361"}],"wp:term":[{"taxonomy":"product_brand","embeddable":true,"href":"https:\/\/chmedica.ch\/fr\/wp-json\/wp\/v2\/product_brand?post=36361"},{"taxonomy":"product_cat","embeddable":true,"href":"https:\/\/chmedica.ch\/fr\/wp-json\/wp\/v2\/product_cat?post=36361"},{"taxonomy":"product_tag","embeddable":true,"href":"https:\/\/chmedica.ch\/fr\/wp-json\/wp\/v2\/product_tag?post=36361"}],"curies":[{"name":"wp","href":"https:\/\/api.w.org\/{rel}","templated":true}]}}