{"id":36112,"date":"2023-06-22T17:59:38","date_gmt":"2023-06-22T15:59:38","guid":{"rendered":"https:\/\/chmedica.ch\/prodotto\/sac-smart-moyen-rouge\/"},"modified":"2024-01-02T15:30:53","modified_gmt":"2024-01-02T14:30:53","slug":"sac-smart-moyen-rouge","status":"publish","type":"product","link":"https:\/\/chmedica.ch\/fr\/produit\/sac-smart-moyen-rouge\/","title":{"rendered":"SAC SMART &#8211; moyen &#8211; rouge"},"content":{"rendered":"","protected":false},"excerpt":{"rendered":"<p>Sac Smart en polyester &#8211; vide<\/p>\n<p>\u2022 Mat\u00e9riau: en polyester<br \/>\n\u2022 Mod\u00e8le: moyen<br \/>\n\u2022 Coloris: rouge<br \/>\n\u2022 Dimensions: 55 x 35 x h 32 cm<br \/>\n\u2022 Espaces modulaires internes: 6<br \/>\n\u2022 Poches externes: 4<\/p>\n<p>Sacs de secours professionnels, de grande contenance avec compartiments internes r\u00e9glables pour une organisation personnalis\u00e9e de l&rsquo;espace.<br \/>\nDot\u00e9s de poches externes, s\u00e9parations internes, et 1 pochette amovible \u00e0 fen\u00eatre transparente. Fabriqu\u00e9s en polyester 600D solide et imperm\u00e9able.<\/p>\n<p>Dot\u00e9s de doubles bandes r\u00e9fl\u00e9chissantes jaunes.<br \/>\nRev\u00eatement int\u00e9rieur amovible pour un nettoyage simplifi\u00e9.<br \/>\nFond imperm\u00e9able en caoutchouc pour emp\u00eacher les infiltrations d&rsquo;eau.<br \/>\nPossibilit\u00e9 de transport sur le dos ou \u00e0 la main.<\/p>\n","protected":false},"featured_media":36076,"template":"","meta":{"_acf_changed":false},"product_brand":[],"product_cat":[1164,806],"product_tag":[],"class_list":{"0":"post-36112","1":"product","2":"type-product","3":"status-publish","4":"has-post-thumbnail","6":"product_cat-sacs-en-nylon-et-sacs-a-dos","7":"product_cat-sacs-medicaux","9":"first","10":"onbackorder","11":"taxable","12":"shipping-taxable","13":"purchasable","14":"product-type-simple"},"acf":{"fornitore":"GIMA","standard_accessori":"","unita_misura":"1 pz."},"_links":{"self":[{"href":"https:\/\/chmedica.ch\/fr\/wp-json\/wp\/v2\/product\/36112","targetHints":{"allow":["GET"]}}],"collection":[{"href":"https:\/\/chmedica.ch\/fr\/wp-json\/wp\/v2\/product"}],"about":[{"href":"https:\/\/chmedica.ch\/fr\/wp-json\/wp\/v2\/types\/product"}],"wp:featuredmedia":[{"embeddable":true,"href":"https:\/\/chmedica.ch\/fr\/wp-json\/wp\/v2\/media\/36076"}],"wp:attachment":[{"href":"https:\/\/chmedica.ch\/fr\/wp-json\/wp\/v2\/media?parent=36112"}],"wp:term":[{"taxonomy":"product_brand","embeddable":true,"href":"https:\/\/chmedica.ch\/fr\/wp-json\/wp\/v2\/product_brand?post=36112"},{"taxonomy":"product_cat","embeddable":true,"href":"https:\/\/chmedica.ch\/fr\/wp-json\/wp\/v2\/product_cat?post=36112"},{"taxonomy":"product_tag","embeddable":true,"href":"https:\/\/chmedica.ch\/fr\/wp-json\/wp\/v2\/product_tag?post=36112"}],"curies":[{"name":"wp","href":"https:\/\/api.w.org\/{rel}","templated":true}]}}