{"id":35962,"date":"2023-06-22T17:58:50","date_gmt":"2023-06-22T15:58:50","guid":{"rendered":"https:\/\/chmedica.ch\/prodotto\/sac-diatermo-cordura-noir-pour-transporter-ecg\/"},"modified":"2024-01-02T15:30:00","modified_gmt":"2024-01-02T14:30:00","slug":"sac-diatermo-cordura-noir-pour-transporter-ecg","status":"publish","type":"product","link":"https:\/\/chmedica.ch\/fr\/produit\/sac-diatermo-cordura-noir-pour-transporter-ecg\/","title":{"rendered":"SAC DIATERMO &#8211; cordura &#8211; noir, pour transporter ECG, &#8230;"},"content":{"rendered":"","protected":false},"excerpt":{"rendered":"<p>Con\u00e7u pour transporter de petits appareils d&rsquo;\u00e9lectrochirurgie comme des audiom\u00e8tres, spirom\u00e8tres, ECG et accessoires associ\u00e9s. Comprend une s\u00e9paration pour isoler le dispositif des accessoires et une poche avec fermeture \u00e0 glissi\u00e8re.<\/p>\n<p>Dimensions: 30 x 40 x h 14 cm<\/p>\n","protected":false},"featured_media":35938,"template":"","meta":{"_acf_changed":false},"product_brand":[],"product_cat":[1164,806],"product_tag":[],"class_list":{"0":"post-35962","1":"product","2":"type-product","3":"status-publish","4":"has-post-thumbnail","6":"product_cat-sacs-en-nylon-et-sacs-a-dos","7":"product_cat-sacs-medicaux","9":"first","10":"onbackorder","11":"taxable","12":"shipping-taxable","13":"purchasable","14":"product-type-simple"},"acf":{"fornitore":"GIMA","standard_accessori":"","unita_misura":"1 pz."},"_links":{"self":[{"href":"https:\/\/chmedica.ch\/fr\/wp-json\/wp\/v2\/product\/35962","targetHints":{"allow":["GET"]}}],"collection":[{"href":"https:\/\/chmedica.ch\/fr\/wp-json\/wp\/v2\/product"}],"about":[{"href":"https:\/\/chmedica.ch\/fr\/wp-json\/wp\/v2\/types\/product"}],"wp:featuredmedia":[{"embeddable":true,"href":"https:\/\/chmedica.ch\/fr\/wp-json\/wp\/v2\/media\/35938"}],"wp:attachment":[{"href":"https:\/\/chmedica.ch\/fr\/wp-json\/wp\/v2\/media?parent=35962"}],"wp:term":[{"taxonomy":"product_brand","embeddable":true,"href":"https:\/\/chmedica.ch\/fr\/wp-json\/wp\/v2\/product_brand?post=35962"},{"taxonomy":"product_cat","embeddable":true,"href":"https:\/\/chmedica.ch\/fr\/wp-json\/wp\/v2\/product_cat?post=35962"},{"taxonomy":"product_tag","embeddable":true,"href":"https:\/\/chmedica.ch\/fr\/wp-json\/wp\/v2\/product_tag?post=35962"}],"curies":[{"name":"wp","href":"https:\/\/api.w.org\/{rel}","templated":true}]}}