{"id":35935,"date":"2023-06-22T17:58:40","date_gmt":"2023-06-22T15:58:40","guid":{"rendered":"https:\/\/chmedica.ch\/prodotto\/etui-souple-multiusage-bleu\/"},"modified":"2024-01-02T15:29:53","modified_gmt":"2024-01-02T14:29:53","slug":"etui-souple-multiusage-bleu","status":"publish","type":"product","link":"https:\/\/chmedica.ch\/fr\/produit\/etui-souple-multiusage-bleu\/","title":{"rendered":"\u00c9TUI SOUPLE MULTIUSAGE &#8211; bleu"},"content":{"rendered":"","protected":false},"excerpt":{"rendered":"<p>\u00c9TUI SOUPLE MULTIUSAGE &#8211; 28&#215;12,5&#215;6,5 cm &#8211; bleu<\/p>\n<p>La s\u00e9paration interne divise l&rsquo;\u00e9tui en deux compartiments, un pour le st\u00e9thoscope, un pour les accessoires des infirmiers.<br \/>\nCompartiment inf\u00e9rieur avec une poche \u00e9lastique et une poche transparente avec fermeture \u00e0 glissi\u00e8re.<br \/>\nCompartiment sup\u00e9rieur avec 6 passants \u00e9lastiques, une poche transparente avec fermeture \u00e0 glissi\u00e8re et une poche en filet.<br \/>\nDouble fermeture \u00e0 glissi\u00e8re pour un acc\u00e8s simple.<br \/>\nPoign\u00e9e pour le transport.<\/p>\n","protected":false},"featured_media":35899,"template":"","meta":{"_acf_changed":false},"product_brand":[],"product_cat":[806,1082],"product_tag":[],"class_list":{"0":"post-35935","1":"product","2":"type-product","3":"status-publish","4":"has-post-thumbnail","6":"product_cat-sacs-medicaux","7":"product_cat-sacs-etuis-etuis-a-instruments-divers","9":"first","10":"onbackorder","11":"taxable","12":"shipping-taxable","13":"purchasable","14":"product-type-simple"},"acf":{"fornitore":"GIMA","standard_accessori":"","unita_misura":"1 pz."},"_links":{"self":[{"href":"https:\/\/chmedica.ch\/fr\/wp-json\/wp\/v2\/product\/35935","targetHints":{"allow":["GET"]}}],"collection":[{"href":"https:\/\/chmedica.ch\/fr\/wp-json\/wp\/v2\/product"}],"about":[{"href":"https:\/\/chmedica.ch\/fr\/wp-json\/wp\/v2\/types\/product"}],"wp:featuredmedia":[{"embeddable":true,"href":"https:\/\/chmedica.ch\/fr\/wp-json\/wp\/v2\/media\/35899"}],"wp:attachment":[{"href":"https:\/\/chmedica.ch\/fr\/wp-json\/wp\/v2\/media?parent=35935"}],"wp:term":[{"taxonomy":"product_brand","embeddable":true,"href":"https:\/\/chmedica.ch\/fr\/wp-json\/wp\/v2\/product_brand?post=35935"},{"taxonomy":"product_cat","embeddable":true,"href":"https:\/\/chmedica.ch\/fr\/wp-json\/wp\/v2\/product_cat?post=35935"},{"taxonomy":"product_tag","embeddable":true,"href":"https:\/\/chmedica.ch\/fr\/wp-json\/wp\/v2\/product_tag?post=35935"}],"curies":[{"name":"wp","href":"https:\/\/api.w.org\/{rel}","templated":true}]}}