{"id":35773,"date":"2023-06-22T17:57:58","date_gmt":"2023-06-22T15:57:58","guid":{"rendered":"https:\/\/chmedica.ch\/prodotto\/maxi-trousse-a-flacons-nylon-rouge\/"},"modified":"2024-06-13T10:19:25","modified_gmt":"2024-06-13T08:19:25","slug":"maxi-trousse-a-flacons-nylon-rouge","status":"publish","type":"product","link":"https:\/\/chmedica.ch\/fr\/produit\/maxi-trousse-a-flacons-nylon-rouge\/","title":{"rendered":"MAXI TROUSSE \u00c0 FLACONS &#8211; nylon rouge"},"content":{"rendered":"","protected":false},"excerpt":{"rendered":"<p>La meilleure solution pour prot\u00e9ger, identifier et organiser jusqu&rsquo;\u00e0 9 flacons de dimensions variables.<\/p>\n<p>Cette trousse est compos\u00e9e de deux parties, avec des attaches \u00e9lastiques pour maintenir des flacons de petites et grandes dimensions. Poche centrale avec fen\u00eatre transparente en polyvinyle pour documents.<\/p>\n<p>Dimension: 29 x 22 x h 7 cm<\/p>\n","protected":false},"featured_media":35755,"template":"","meta":{"_acf_changed":false},"product_brand":[],"product_cat":[1164,806],"product_tag":[],"class_list":{"0":"post-35773","1":"product","2":"type-product","3":"status-publish","4":"has-post-thumbnail","6":"product_cat-sacs-en-nylon-et-sacs-a-dos","7":"product_cat-sacs-medicaux","9":"first","10":"onbackorder","11":"taxable","12":"shipping-taxable","13":"purchasable","14":"product-type-simple"},"acf":{"fornitore":"GIMA","standard_accessori":"","unita_misura":"1 pz."},"_links":{"self":[{"href":"https:\/\/chmedica.ch\/fr\/wp-json\/wp\/v2\/product\/35773","targetHints":{"allow":["GET"]}}],"collection":[{"href":"https:\/\/chmedica.ch\/fr\/wp-json\/wp\/v2\/product"}],"about":[{"href":"https:\/\/chmedica.ch\/fr\/wp-json\/wp\/v2\/types\/product"}],"wp:featuredmedia":[{"embeddable":true,"href":"https:\/\/chmedica.ch\/fr\/wp-json\/wp\/v2\/media\/35755"}],"wp:attachment":[{"href":"https:\/\/chmedica.ch\/fr\/wp-json\/wp\/v2\/media?parent=35773"}],"wp:term":[{"taxonomy":"product_brand","embeddable":true,"href":"https:\/\/chmedica.ch\/fr\/wp-json\/wp\/v2\/product_brand?post=35773"},{"taxonomy":"product_cat","embeddable":true,"href":"https:\/\/chmedica.ch\/fr\/wp-json\/wp\/v2\/product_cat?post=35773"},{"taxonomy":"product_tag","embeddable":true,"href":"https:\/\/chmedica.ch\/fr\/wp-json\/wp\/v2\/product_tag?post=35773"}],"curies":[{"name":"wp","href":"https:\/\/api.w.org\/{rel}","templated":true}]}}