{"id":35710,"date":"2023-06-22T17:57:41","date_gmt":"2023-06-22T15:57:41","guid":{"rendered":"https:\/\/chmedica.ch\/prodotto\/sac-medical-primato-cuir-pleine-fleur\/"},"modified":"2024-01-02T15:28:54","modified_gmt":"2024-01-02T14:28:54","slug":"sac-medical-primato-cuir-pleine-fleur","status":"publish","type":"product","link":"https:\/\/chmedica.ch\/fr\/produit\/sac-medical-primato-cuir-pleine-fleur\/","title":{"rendered":"SAC M\u00c9DICAL \u00ab\u00a0PRIMATO CUIR PLEINE FLEUR\u00a0\u00bb"},"content":{"rendered":"<p>Dimensions ext\u00e9rieures: 42 x 12 x h 30 cm<\/p>\n","protected":false},"excerpt":{"rendered":"<p>2 compartiments internes, un dot\u00e9 d&rsquo;un porte-documents et d&rsquo;une grande poche ferm\u00e9e par une glissi\u00e8re. Grande poche externe avec fermeture \u00e0 glissi\u00e8re, dispositifs de fermeture dor\u00e9s.<\/p>\n","protected":false},"featured_media":35704,"template":"","meta":{"_acf_changed":false},"product_brand":[],"product_cat":[1142,806],"product_tag":[],"class_list":{"0":"post-35710","1":"product","2":"type-product","3":"status-publish","4":"has-post-thumbnail","6":"product_cat-sacs-en-cuir","7":"product_cat-sacs-medicaux","9":"first","10":"onbackorder","11":"taxable","12":"shipping-taxable","13":"purchasable","14":"product-type-simple"},"acf":{"fornitore":"GIMA","standard_accessori":"","unita_misura":"1 pz."},"_links":{"self":[{"href":"https:\/\/chmedica.ch\/fr\/wp-json\/wp\/v2\/product\/35710","targetHints":{"allow":["GET"]}}],"collection":[{"href":"https:\/\/chmedica.ch\/fr\/wp-json\/wp\/v2\/product"}],"about":[{"href":"https:\/\/chmedica.ch\/fr\/wp-json\/wp\/v2\/types\/product"}],"wp:featuredmedia":[{"embeddable":true,"href":"https:\/\/chmedica.ch\/fr\/wp-json\/wp\/v2\/media\/35704"}],"wp:attachment":[{"href":"https:\/\/chmedica.ch\/fr\/wp-json\/wp\/v2\/media?parent=35710"}],"wp:term":[{"taxonomy":"product_brand","embeddable":true,"href":"https:\/\/chmedica.ch\/fr\/wp-json\/wp\/v2\/product_brand?post=35710"},{"taxonomy":"product_cat","embeddable":true,"href":"https:\/\/chmedica.ch\/fr\/wp-json\/wp\/v2\/product_cat?post=35710"},{"taxonomy":"product_tag","embeddable":true,"href":"https:\/\/chmedica.ch\/fr\/wp-json\/wp\/v2\/product_tag?post=35710"}],"curies":[{"name":"wp","href":"https:\/\/api.w.org\/{rel}","templated":true}]}}