{"id":35641,"date":"2023-06-22T17:57:16","date_gmt":"2023-06-22T15:57:16","guid":{"rendered":"https:\/\/chmedica.ch\/prodotto\/sac-florida-cuir-bordeaux\/"},"modified":"2024-01-02T15:28:20","modified_gmt":"2024-01-02T14:28:20","slug":"sac-florida-cuir-bordeaux","status":"publish","type":"product","link":"https:\/\/chmedica.ch\/fr\/produit\/sac-florida-cuir-bordeaux\/","title":{"rendered":"SAC \u00ab\u00a0FLORIDA CUIR\u00a0\u00bb &#8211; bordeaux"},"content":{"rendered":"","protected":false},"excerpt":{"rendered":"<p>Fond rigide, poche centrale interne avec fermeture \u00e0 glissi\u00e8re, poche interne lat\u00e9rale, dispositif de fermeture dor\u00e9.<br \/>\nExt\u00e9rieur en cuir, int\u00e9rieur en PU (polyur\u00e9thane).<\/p>\n<p>Dimensions externes: 38 x 20 x h 20 cm<\/p>\n<p>Fabriqu\u00e9es en Asie &#8211; Design italien.<\/p>\n","protected":false},"featured_media":35638,"template":"","meta":{"_acf_changed":false},"product_brand":[],"product_cat":[1142,806],"product_tag":[],"class_list":{"0":"post-35641","1":"product","2":"type-product","3":"status-publish","4":"has-post-thumbnail","6":"product_cat-sacs-en-cuir","7":"product_cat-sacs-medicaux","9":"first","10":"onbackorder","11":"taxable","12":"shipping-taxable","13":"purchasable","14":"product-type-simple"},"acf":{"fornitore":"GIMA","standard_accessori":"","unita_misura":"1 pz."},"_links":{"self":[{"href":"https:\/\/chmedica.ch\/fr\/wp-json\/wp\/v2\/product\/35641","targetHints":{"allow":["GET"]}}],"collection":[{"href":"https:\/\/chmedica.ch\/fr\/wp-json\/wp\/v2\/product"}],"about":[{"href":"https:\/\/chmedica.ch\/fr\/wp-json\/wp\/v2\/types\/product"}],"wp:featuredmedia":[{"embeddable":true,"href":"https:\/\/chmedica.ch\/fr\/wp-json\/wp\/v2\/media\/35638"}],"wp:attachment":[{"href":"https:\/\/chmedica.ch\/fr\/wp-json\/wp\/v2\/media?parent=35641"}],"wp:term":[{"taxonomy":"product_brand","embeddable":true,"href":"https:\/\/chmedica.ch\/fr\/wp-json\/wp\/v2\/product_brand?post=35641"},{"taxonomy":"product_cat","embeddable":true,"href":"https:\/\/chmedica.ch\/fr\/wp-json\/wp\/v2\/product_cat?post=35641"},{"taxonomy":"product_tag","embeddable":true,"href":"https:\/\/chmedica.ch\/fr\/wp-json\/wp\/v2\/product_tag?post=35641"}],"curies":[{"name":"wp","href":"https:\/\/api.w.org\/{rel}","templated":true}]}}