{"id":35608,"date":"2023-06-22T17:56:58","date_gmt":"2023-06-22T15:56:58","guid":{"rendered":"https:\/\/chmedica.ch\/prodotto\/sac-medical-super-texas-cuir-noir\/"},"modified":"2024-01-02T15:27:52","modified_gmt":"2024-01-02T14:27:52","slug":"sac-medical-super-texas-cuir-noir","status":"publish","type":"product","link":"https:\/\/chmedica.ch\/fr\/produit\/sac-medical-super-texas-cuir-noir\/","title":{"rendered":"SAC M\u00c9DICAL \u00ab\u00a0SUPER TEXAS CUIR\u00a0\u00bb &#8211; noir"},"content":{"rendered":"","protected":false},"excerpt":{"rendered":"<p>Poche externe et une poche interne avec fermeture \u00e0 glissi\u00e8re, 2 dispositifs de fermeture dor\u00e9s, s\u00e9paration interne transversale de 8 cm, grand compartiment central.<\/p>\n<p>Dimensions externes: 42 x 20 x h 23 cm<\/p>\n<p>Made in Italy.<\/p>\n","protected":false},"featured_media":35602,"template":"","meta":{"_acf_changed":false},"product_brand":[],"product_cat":[1142,806],"product_tag":[],"class_list":{"0":"post-35608","1":"product","2":"type-product","3":"status-publish","4":"has-post-thumbnail","6":"product_cat-sacs-en-cuir","7":"product_cat-sacs-medicaux","9":"first","10":"onbackorder","11":"taxable","12":"shipping-taxable","13":"purchasable","14":"product-type-simple"},"acf":{"fornitore":"GIMA","standard_accessori":"","unita_misura":"1 pz."},"_links":{"self":[{"href":"https:\/\/chmedica.ch\/fr\/wp-json\/wp\/v2\/product\/35608","targetHints":{"allow":["GET"]}}],"collection":[{"href":"https:\/\/chmedica.ch\/fr\/wp-json\/wp\/v2\/product"}],"about":[{"href":"https:\/\/chmedica.ch\/fr\/wp-json\/wp\/v2\/types\/product"}],"wp:featuredmedia":[{"embeddable":true,"href":"https:\/\/chmedica.ch\/fr\/wp-json\/wp\/v2\/media\/35602"}],"wp:attachment":[{"href":"https:\/\/chmedica.ch\/fr\/wp-json\/wp\/v2\/media?parent=35608"}],"wp:term":[{"taxonomy":"product_brand","embeddable":true,"href":"https:\/\/chmedica.ch\/fr\/wp-json\/wp\/v2\/product_brand?post=35608"},{"taxonomy":"product_cat","embeddable":true,"href":"https:\/\/chmedica.ch\/fr\/wp-json\/wp\/v2\/product_cat?post=35608"},{"taxonomy":"product_tag","embeddable":true,"href":"https:\/\/chmedica.ch\/fr\/wp-json\/wp\/v2\/product_tag?post=35608"}],"curies":[{"name":"wp","href":"https:\/\/api.w.org\/{rel}","templated":true}]}}