{"id":35599,"date":"2023-06-22T17:56:53","date_gmt":"2023-06-22T15:56:53","guid":{"rendered":"https:\/\/chmedica.ch\/prodotto\/sac-medical-valigetta-cuir-pleine-fleur-noir\/"},"modified":"2024-01-02T15:27:45","modified_gmt":"2024-01-02T14:27:45","slug":"sac-medical-valigetta-cuir-pleine-fleur-noir","status":"publish","type":"product","link":"https:\/\/chmedica.ch\/fr\/produit\/sac-medical-valigetta-cuir-pleine-fleur-noir\/","title":{"rendered":"SAC M\u00c9DICAL \u00ab\u00a0VALIGETTA CUIR PLEINE FLEUR\u00a0\u00bb &#8211; noir"},"content":{"rendered":"","protected":false},"excerpt":{"rendered":"<p>Fond rigide, poche interne avec fermeture \u00e0 glissi\u00e8re et poche interne \u00e0 soufflets.<\/p>\n<p>Dimensions ext\u00e9rieures: 34 x 17 x h 21 cm<\/p>\n<p>Made in Italy.<\/p>\n","protected":false},"featured_media":0,"template":"","meta":{"_acf_changed":false},"product_brand":[],"product_cat":[1142,806],"product_tag":[],"class_list":{"0":"post-35599","1":"product","2":"type-product","3":"status-publish","5":"product_cat-sacs-en-cuir","6":"product_cat-sacs-medicaux","8":"first","9":"onbackorder","10":"taxable","11":"shipping-taxable","12":"purchasable","13":"product-type-simple"},"acf":{"fornitore":"GIMA","standard_accessori":"","unita_misura":"1 pz."},"_links":{"self":[{"href":"https:\/\/chmedica.ch\/fr\/wp-json\/wp\/v2\/product\/35599","targetHints":{"allow":["GET"]}}],"collection":[{"href":"https:\/\/chmedica.ch\/fr\/wp-json\/wp\/v2\/product"}],"about":[{"href":"https:\/\/chmedica.ch\/fr\/wp-json\/wp\/v2\/types\/product"}],"wp:attachment":[{"href":"https:\/\/chmedica.ch\/fr\/wp-json\/wp\/v2\/media?parent=35599"}],"wp:term":[{"taxonomy":"product_brand","embeddable":true,"href":"https:\/\/chmedica.ch\/fr\/wp-json\/wp\/v2\/product_brand?post=35599"},{"taxonomy":"product_cat","embeddable":true,"href":"https:\/\/chmedica.ch\/fr\/wp-json\/wp\/v2\/product_cat?post=35599"},{"taxonomy":"product_tag","embeddable":true,"href":"https:\/\/chmedica.ch\/fr\/wp-json\/wp\/v2\/product_tag?post=35599"}],"curies":[{"name":"wp","href":"https:\/\/api.w.org\/{rel}","templated":true}]}}