{"id":35563,"date":"2023-06-22T17:56:37","date_gmt":"2023-06-22T15:56:37","guid":{"rendered":"https:\/\/chmedica.ch\/prodotto\/grand-sac-medical-polus-skay\/"},"modified":"2024-01-02T15:27:32","modified_gmt":"2024-01-02T14:27:32","slug":"grand-sac-medical-polus-skay","status":"publish","type":"product","link":"https:\/\/chmedica.ch\/fr\/produit\/grand-sac-medical-polus-skay\/","title":{"rendered":"GRAND SAC M\u00c9DICAL \u00ab\u00a0POLUS SKAY\u00a0\u00bb"},"content":{"rendered":"","protected":false},"excerpt":{"rendered":"<p>Fond rigide, poche interne \u00e0 soufflets avec dispositif de fermeture \u00e0 glissi\u00e8re, parois lat\u00e9rales dot\u00e9es d&rsquo;attaches \u00e9lastiques pour les instruments.<\/p>\n<p>Dimensions ext\u00e9rieures: 45 x 20 x h 25 cm<\/p>\n<p>Made in Italy.<\/p>\n","protected":false},"featured_media":35557,"template":"","meta":{"_acf_changed":false},"product_brand":[],"product_cat":[1172,806],"product_tag":[],"class_list":{"0":"post-35563","1":"product","2":"type-product","3":"status-publish","4":"has-post-thumbnail","6":"product_cat-sacs-en-skai","7":"product_cat-sacs-medicaux","9":"first","10":"onbackorder","11":"taxable","12":"shipping-taxable","13":"purchasable","14":"product-type-simple"},"acf":{"fornitore":"GIMA","standard_accessori":"","unita_misura":"1 pz."},"_links":{"self":[{"href":"https:\/\/chmedica.ch\/fr\/wp-json\/wp\/v2\/product\/35563","targetHints":{"allow":["GET"]}}],"collection":[{"href":"https:\/\/chmedica.ch\/fr\/wp-json\/wp\/v2\/product"}],"about":[{"href":"https:\/\/chmedica.ch\/fr\/wp-json\/wp\/v2\/types\/product"}],"wp:featuredmedia":[{"embeddable":true,"href":"https:\/\/chmedica.ch\/fr\/wp-json\/wp\/v2\/media\/35557"}],"wp:attachment":[{"href":"https:\/\/chmedica.ch\/fr\/wp-json\/wp\/v2\/media?parent=35563"}],"wp:term":[{"taxonomy":"product_brand","embeddable":true,"href":"https:\/\/chmedica.ch\/fr\/wp-json\/wp\/v2\/product_brand?post=35563"},{"taxonomy":"product_cat","embeddable":true,"href":"https:\/\/chmedica.ch\/fr\/wp-json\/wp\/v2\/product_cat?post=35563"},{"taxonomy":"product_tag","embeddable":true,"href":"https:\/\/chmedica.ch\/fr\/wp-json\/wp\/v2\/product_tag?post=35563"}],"curies":[{"name":"wp","href":"https:\/\/api.w.org\/{rel}","templated":true}]}}