{"id":35554,"date":"2023-06-22T17:56:32","date_gmt":"2023-06-22T15:56:32","guid":{"rendered":"https:\/\/chmedica.ch\/prodotto\/sac-medical-supertexas-skay\/"},"modified":"2024-01-02T15:27:25","modified_gmt":"2024-01-02T14:27:25","slug":"sac-medical-supertexas-skay","status":"publish","type":"product","link":"https:\/\/chmedica.ch\/fr\/produit\/sac-medical-supertexas-skay\/","title":{"rendered":"SAC M\u00c9DICAL \u00ab\u00a0SUPERTEXAS SKAY\u00a0\u00bb"},"content":{"rendered":"<p>0<\/p>\n","protected":false},"excerpt":{"rendered":"<p>Poche externe et une poche interne avec fermeture \u00e0 glissi\u00e8re, 2 dispositifs de fermeture dor\u00e9s, s\u00e9paration interne transversale de 8 cm, grand compartiment central.<\/p>\n<p>Dimensions ext\u00e9rieures: 42 x 21 x h 25 cm<\/p>\n<p>Made in Italy.<\/p>\n","protected":false},"featured_media":35530,"template":"","meta":{"_acf_changed":false},"product_brand":[],"product_cat":[1172,806],"product_tag":[],"class_list":{"0":"post-35554","1":"product","2":"type-product","3":"status-publish","4":"has-post-thumbnail","6":"product_cat-sacs-en-skai","7":"product_cat-sacs-medicaux","9":"first","10":"onbackorder","11":"taxable","12":"shipping-taxable","13":"purchasable","14":"product-type-simple"},"acf":{"fornitore":"GIMA","standard_accessori":"","unita_misura":"1 pz."},"_links":{"self":[{"href":"https:\/\/chmedica.ch\/fr\/wp-json\/wp\/v2\/product\/35554","targetHints":{"allow":["GET"]}}],"collection":[{"href":"https:\/\/chmedica.ch\/fr\/wp-json\/wp\/v2\/product"}],"about":[{"href":"https:\/\/chmedica.ch\/fr\/wp-json\/wp\/v2\/types\/product"}],"wp:featuredmedia":[{"embeddable":true,"href":"https:\/\/chmedica.ch\/fr\/wp-json\/wp\/v2\/media\/35530"}],"wp:attachment":[{"href":"https:\/\/chmedica.ch\/fr\/wp-json\/wp\/v2\/media?parent=35554"}],"wp:term":[{"taxonomy":"product_brand","embeddable":true,"href":"https:\/\/chmedica.ch\/fr\/wp-json\/wp\/v2\/product_brand?post=35554"},{"taxonomy":"product_cat","embeddable":true,"href":"https:\/\/chmedica.ch\/fr\/wp-json\/wp\/v2\/product_cat?post=35554"},{"taxonomy":"product_tag","embeddable":true,"href":"https:\/\/chmedica.ch\/fr\/wp-json\/wp\/v2\/product_tag?post=35554"}],"curies":[{"name":"wp","href":"https:\/\/api.w.org\/{rel}","templated":true}]}}