{"id":35401,"date":"2023-06-22T17:55:44","date_gmt":"2023-06-22T15:55:44","guid":{"rendered":"https:\/\/chmedica.ch\/prodotto\/sac-medical-kansas-skay-chataigne\/"},"modified":"2024-01-02T15:26:38","modified_gmt":"2024-01-02T14:26:38","slug":"sac-medical-kansas-skay-chataigne","status":"publish","type":"product","link":"https:\/\/chmedica.ch\/fr\/produit\/sac-medical-kansas-skay-chataigne\/","title":{"rendered":"SAC M\u00c9DICAL \u00ab\u00a0KANSAS SKAY\u00a0\u00bb &#8211; ch\u00e2taigne"},"content":{"rendered":"<p>0<\/p>\n","protected":false},"excerpt":{"rendered":"<p>Fond rigide, poche externe fermeture velcro, s\u00e9paration interne, poche interne avec fermeture \u00e0 glissi\u00e8re, dispositif de fermeture \u00e0 cl\u00e9.<\/p>\n<p>Disponible dans tous le coloris: commande minimum de 200 unit\u00e9s.<\/p>\n<p>Dimensions ext\u00e9rieures: 42 x 20 x h 24 cm<\/p>\n","protected":false},"featured_media":35395,"template":"","meta":{"_acf_changed":false},"product_brand":[],"product_cat":[1172,806],"product_tag":[],"class_list":{"0":"post-35401","1":"product","2":"type-product","3":"status-publish","4":"has-post-thumbnail","6":"product_cat-sacs-en-skai","7":"product_cat-sacs-medicaux","9":"first","10":"onbackorder","11":"taxable","12":"shipping-taxable","13":"purchasable","14":"product-type-simple"},"acf":{"fornitore":"GIMA","standard_accessori":"","unita_misura":"1 pz."},"_links":{"self":[{"href":"https:\/\/chmedica.ch\/fr\/wp-json\/wp\/v2\/product\/35401","targetHints":{"allow":["GET"]}}],"collection":[{"href":"https:\/\/chmedica.ch\/fr\/wp-json\/wp\/v2\/product"}],"about":[{"href":"https:\/\/chmedica.ch\/fr\/wp-json\/wp\/v2\/types\/product"}],"wp:featuredmedia":[{"embeddable":true,"href":"https:\/\/chmedica.ch\/fr\/wp-json\/wp\/v2\/media\/35395"}],"wp:attachment":[{"href":"https:\/\/chmedica.ch\/fr\/wp-json\/wp\/v2\/media?parent=35401"}],"wp:term":[{"taxonomy":"product_brand","embeddable":true,"href":"https:\/\/chmedica.ch\/fr\/wp-json\/wp\/v2\/product_brand?post=35401"},{"taxonomy":"product_cat","embeddable":true,"href":"https:\/\/chmedica.ch\/fr\/wp-json\/wp\/v2\/product_cat?post=35401"},{"taxonomy":"product_tag","embeddable":true,"href":"https:\/\/chmedica.ch\/fr\/wp-json\/wp\/v2\/product_tag?post=35401"}],"curies":[{"name":"wp","href":"https:\/\/api.w.org\/{rel}","templated":true}]}}