{"id":33831,"date":"2023-06-22T17:42:29","date_gmt":"2023-06-22T15:42:29","guid":{"rendered":"https:\/\/chmedica.ch\/prodotto\/tapis-en-silicone-20x10-cm\/"},"modified":"2024-01-02T14:48:49","modified_gmt":"2024-01-02T13:48:49","slug":"tapis-en-silicone-20x10-cm","status":"publish","type":"product","link":"https:\/\/chmedica.ch\/fr\/produit\/tapis-en-silicone-20x10-cm\/","title":{"rendered":"TAPIS EN SILICONE 20&#215;10 cm"},"content":{"rendered":"","protected":false},"excerpt":{"rendered":"<p>Tapis en caoutchouc pour maintenir les instruments \u00e0 l&rsquo;int\u00e9rieur des bo\u00eetes.<\/p>\n<p>Dimensions: 20 x 10 cm<\/p>\n<p>Pour les bo\u00eetes codes: 26654, 26664, 26665, 26669<\/p>\n","protected":false},"featured_media":33825,"template":"","meta":{"_acf_changed":false},"product_brand":[],"product_cat":[866,1114],"product_tag":[],"class_list":{"0":"post-33831","1":"product","2":"type-product","3":"status-publish","4":"has-post-thumbnail","6":"product_cat-instruments-chirurgicaux","7":"product_cat-plateaux-bassins-boites-inox","9":"first","10":"onbackorder","11":"taxable","12":"shipping-taxable","13":"purchasable","14":"product-type-simple"},"acf":{"fornitore":"GIMA","standard_accessori":"","unita_misura":"1 pz."},"_links":{"self":[{"href":"https:\/\/chmedica.ch\/fr\/wp-json\/wp\/v2\/product\/33831","targetHints":{"allow":["GET"]}}],"collection":[{"href":"https:\/\/chmedica.ch\/fr\/wp-json\/wp\/v2\/product"}],"about":[{"href":"https:\/\/chmedica.ch\/fr\/wp-json\/wp\/v2\/types\/product"}],"wp:featuredmedia":[{"embeddable":true,"href":"https:\/\/chmedica.ch\/fr\/wp-json\/wp\/v2\/media\/33825"}],"wp:attachment":[{"href":"https:\/\/chmedica.ch\/fr\/wp-json\/wp\/v2\/media?parent=33831"}],"wp:term":[{"taxonomy":"product_brand","embeddable":true,"href":"https:\/\/chmedica.ch\/fr\/wp-json\/wp\/v2\/product_brand?post=33831"},{"taxonomy":"product_cat","embeddable":true,"href":"https:\/\/chmedica.ch\/fr\/wp-json\/wp\/v2\/product_cat?post=33831"},{"taxonomy":"product_tag","embeddable":true,"href":"https:\/\/chmedica.ch\/fr\/wp-json\/wp\/v2\/product_tag?post=33831"}],"curies":[{"name":"wp","href":"https:\/\/api.w.org\/{rel}","templated":true}]}}