{"id":33792,"date":"2023-06-22T17:42:10","date_gmt":"2023-06-22T15:42:10","guid":{"rendered":"https:\/\/chmedica.ch\/prodotto\/boite-en-acier-inoxydable-20x10x45-cm-poignee\/"},"modified":"2024-01-02T14:48:30","modified_gmt":"2024-01-02T13:48:30","slug":"boite-en-acier-inoxydable-20x10x45-cm-poignee","status":"publish","type":"product","link":"https:\/\/chmedica.ch\/fr\/produit\/boite-en-acier-inoxydable-20x10x45-cm-poignee\/","title":{"rendered":"BO\u00ceTE EN ACIER INOXYDABLE &#8211; 20x10x4,5 cm &#8211; poign\u00e9e"},"content":{"rendered":"","protected":false},"excerpt":{"rendered":"<p>BO\u00ceTE EN ACIER INOX AVEC POIGN\u00c9E.<\/p>\n<p>\u2022 Dimensions: 20 x 10 x h 4,5 cm<br \/>\n\u2022 Autoclavable \u00e0 125 \u00b0C<\/p>\n","protected":false},"featured_media":33780,"template":"","meta":{"_acf_changed":false},"product_brand":[],"product_cat":[866,1114],"product_tag":[],"class_list":{"0":"post-33792","1":"product","2":"type-product","3":"status-publish","4":"has-post-thumbnail","6":"product_cat-instruments-chirurgicaux","7":"product_cat-plateaux-bassins-boites-inox","9":"first","10":"onbackorder","11":"taxable","12":"shipping-taxable","13":"purchasable","14":"product-type-simple"},"acf":{"fornitore":"GIMA","standard_accessori":"","unita_misura":"1 pz."},"_links":{"self":[{"href":"https:\/\/chmedica.ch\/fr\/wp-json\/wp\/v2\/product\/33792","targetHints":{"allow":["GET"]}}],"collection":[{"href":"https:\/\/chmedica.ch\/fr\/wp-json\/wp\/v2\/product"}],"about":[{"href":"https:\/\/chmedica.ch\/fr\/wp-json\/wp\/v2\/types\/product"}],"wp:featuredmedia":[{"embeddable":true,"href":"https:\/\/chmedica.ch\/fr\/wp-json\/wp\/v2\/media\/33780"}],"wp:attachment":[{"href":"https:\/\/chmedica.ch\/fr\/wp-json\/wp\/v2\/media?parent=33792"}],"wp:term":[{"taxonomy":"product_brand","embeddable":true,"href":"https:\/\/chmedica.ch\/fr\/wp-json\/wp\/v2\/product_brand?post=33792"},{"taxonomy":"product_cat","embeddable":true,"href":"https:\/\/chmedica.ch\/fr\/wp-json\/wp\/v2\/product_cat?post=33792"},{"taxonomy":"product_tag","embeddable":true,"href":"https:\/\/chmedica.ch\/fr\/wp-json\/wp\/v2\/product_tag?post=33792"}],"curies":[{"name":"wp","href":"https:\/\/api.w.org\/{rel}","templated":true}]}}