{"id":32568,"date":"2023-06-22T17:29:10","date_gmt":"2023-06-22T15:29:10","guid":{"rendered":"https:\/\/chmedica.ch\/prodotto\/pince-tischler-droite-extra-longue-25-cm\/"},"modified":"2024-01-02T14:30:15","modified_gmt":"2024-01-02T13:30:15","slug":"pince-tischler-droite-extra-longue-25-cm","status":"publish","type":"product","link":"https:\/\/chmedica.ch\/fr\/produit\/pince-tischler-droite-extra-longue-25-cm\/","title":{"rendered":"PINCE TISCHLER &#8211; droite &#8211; extra longue &#8211; 25 cm"},"content":{"rendered":"","protected":false},"excerpt":{"rendered":"<p>Dent unique sur les m\u00e2choires sup\u00e9rieure et inf\u00e9rieure.<br \/>\nManche stri\u00e9.<\/p>\n","protected":false},"featured_media":32556,"template":"","meta":{"_acf_changed":false},"product_brand":[],"product_cat":[1122,866],"product_tag":[],"class_list":{"0":"post-32568","1":"product","2":"type-product","3":"status-publish","4":"has-post-thumbnail","6":"product_cat-instrumentation-tungstene-et-speciale","7":"product_cat-instruments-chirurgicaux","9":"first","10":"onbackorder","11":"taxable","12":"shipping-taxable","13":"purchasable","14":"product-type-simple"},"acf":{"fornitore":"GIMA","standard_accessori":"","unita_misura":"1 pz."},"_links":{"self":[{"href":"https:\/\/chmedica.ch\/fr\/wp-json\/wp\/v2\/product\/32568","targetHints":{"allow":["GET"]}}],"collection":[{"href":"https:\/\/chmedica.ch\/fr\/wp-json\/wp\/v2\/product"}],"about":[{"href":"https:\/\/chmedica.ch\/fr\/wp-json\/wp\/v2\/types\/product"}],"wp:featuredmedia":[{"embeddable":true,"href":"https:\/\/chmedica.ch\/fr\/wp-json\/wp\/v2\/media\/32556"}],"wp:attachment":[{"href":"https:\/\/chmedica.ch\/fr\/wp-json\/wp\/v2\/media?parent=32568"}],"wp:term":[{"taxonomy":"product_brand","embeddable":true,"href":"https:\/\/chmedica.ch\/fr\/wp-json\/wp\/v2\/product_brand?post=32568"},{"taxonomy":"product_cat","embeddable":true,"href":"https:\/\/chmedica.ch\/fr\/wp-json\/wp\/v2\/product_cat?post=32568"},{"taxonomy":"product_tag","embeddable":true,"href":"https:\/\/chmedica.ch\/fr\/wp-json\/wp\/v2\/product_tag?post=32568"}],"curies":[{"name":"wp","href":"https:\/\/api.w.org\/{rel}","templated":true}]}}