{"id":32229,"date":"2023-06-22T17:23:59","date_gmt":"2023-06-22T15:23:59","guid":{"rendered":"https:\/\/chmedica.ch\/prodotto\/sabots-professionnels-gima-garnis-de-trous-41-blancs\/"},"modified":"2024-01-02T14:26:19","modified_gmt":"2024-01-02T13:26:19","slug":"sabots-professionnels-gima-garnis-de-trous-41-blancs","status":"publish","type":"product","link":"https:\/\/chmedica.ch\/fr\/produit\/sabots-professionnels-gima-garnis-de-trous-41-blancs\/","title":{"rendered":"SABOTS PROFESSIONNELS GIMA &#8211; garnis de trous-41 &#8211; blancs"},"content":{"rendered":"","protected":false},"excerpt":{"rendered":"<p>SABOTS PROFESSIONNELS GIMA FABRIQU\u00c9S EN ITALIE<\/p>\n<p>\u2022 EMPEIGNE AVEC TROUS<\/p>\n<p>&#8211; support actif de la vo\u00fbte plantaire pour stimuler la circulation<br \/>\n&#8211; mat\u00e9riau antistatique directement inject\u00e9 dans le m\u00e9lange polym\u00e9rique<br \/>\n&#8211; semelle perfor\u00e9e favorisant la respiration et la transpiration<br \/>\n&#8211; semelle stri\u00e9e antid\u00e9rapante, s\u00fbre sur les sols humides<br \/>\n&#8211; lavables en machine, st\u00e9rilisables \u00e0 134 \u00b0C<br \/>\n&#8211; disponibles aussi avec bride pour plus de s\u00e9curit\u00e9<br \/>\n&#8211; conditionn\u00e9s dans une bo\u00eete en carton individuelle<br \/>\n&#8211; sans latex<\/p>\n","protected":false},"featured_media":32223,"template":"","meta":{"_acf_changed":false},"product_brand":[],"product_cat":[764,1590],"product_tag":[],"class_list":{"0":"post-32229","1":"product","2":"type-product","3":"status-publish","4":"has-post-thumbnail","6":"product_cat-articles-sanitaires-pour-pharmacies","7":"product_cat-sabots","9":"first","10":"onbackorder","11":"taxable","12":"shipping-taxable","13":"purchasable","14":"product-type-simple"},"acf":{"fornitore":"GIMA","standard_accessori":"","unita_misura":"1 paio"},"_links":{"self":[{"href":"https:\/\/chmedica.ch\/fr\/wp-json\/wp\/v2\/product\/32229","targetHints":{"allow":["GET"]}}],"collection":[{"href":"https:\/\/chmedica.ch\/fr\/wp-json\/wp\/v2\/product"}],"about":[{"href":"https:\/\/chmedica.ch\/fr\/wp-json\/wp\/v2\/types\/product"}],"wp:featuredmedia":[{"embeddable":true,"href":"https:\/\/chmedica.ch\/fr\/wp-json\/wp\/v2\/media\/32223"}],"wp:attachment":[{"href":"https:\/\/chmedica.ch\/fr\/wp-json\/wp\/v2\/media?parent=32229"}],"wp:term":[{"taxonomy":"product_brand","embeddable":true,"href":"https:\/\/chmedica.ch\/fr\/wp-json\/wp\/v2\/product_brand?post=32229"},{"taxonomy":"product_cat","embeddable":true,"href":"https:\/\/chmedica.ch\/fr\/wp-json\/wp\/v2\/product_cat?post=32229"},{"taxonomy":"product_tag","embeddable":true,"href":"https:\/\/chmedica.ch\/fr\/wp-json\/wp\/v2\/product_tag?post=32229"}],"curies":[{"name":"wp","href":"https:\/\/api.w.org\/{rel}","templated":true}]}}