{"id":32109,"date":"2023-06-22T17:22:42","date_gmt":"2023-06-22T15:22:42","guid":{"rendered":"https:\/\/chmedica.ch\/prodotto\/sabots-professionnels-gima-sans-trous-35-fuchsia\/"},"modified":"2024-01-02T14:24:42","modified_gmt":"2024-01-02T13:24:42","slug":"sabots-professionnels-gima-sans-trous-35-fuchsia","status":"publish","type":"product","link":"https:\/\/chmedica.ch\/fr\/produit\/sabots-professionnels-gima-sans-trous-35-fuchsia\/","title":{"rendered":"SABOTS PROFESSIONNELS GIMA &#8211; sans trous &#8211; 35 &#8211; fuchsia"},"content":{"rendered":"","protected":false},"excerpt":{"rendered":"<p>SABOTS PROFESSIONNELS GIMA FABRIQU\u00c9S EN ITALIE<\/p>\n<p>\u2022 EMPEIGNE SANS TROUS<\/p>\n<p>&#8211; support actif de la vo\u00fbte plantaire pour stimuler la circulation<br \/>\n&#8211; mat\u00e9riau antistatique directement inject\u00e9 dans le m\u00e9lange polym\u00e9rique<br \/>\n&#8211; semelle perfor\u00e9e favorisant la respiration et la transpiration<br \/>\n&#8211; semelle stri\u00e9e antid\u00e9rapante, s\u00fbre sur les sols humides<br \/>\n&#8211; lavables en machine, st\u00e9rilisables \u00e0 134 \u00b0C<br \/>\n&#8211; disponibles aussi avec bride pour plus de s\u00e9curit\u00e9<br \/>\n&#8211; conditionn\u00e9s dans une bo\u00eete en carton individuelle<br \/>\n&#8211; sans latex<\/p>\n","protected":false},"featured_media":32103,"template":"","meta":{"_acf_changed":false},"product_brand":[],"product_cat":[764,1590],"product_tag":[],"class_list":{"0":"post-32109","1":"product","2":"type-product","3":"status-publish","4":"has-post-thumbnail","6":"product_cat-articles-sanitaires-pour-pharmacies","7":"product_cat-sabots","9":"first","10":"onbackorder","11":"taxable","12":"shipping-taxable","13":"purchasable","14":"product-type-simple"},"acf":{"fornitore":"GIMA","standard_accessori":"","unita_misura":"1 paio"},"_links":{"self":[{"href":"https:\/\/chmedica.ch\/fr\/wp-json\/wp\/v2\/product\/32109","targetHints":{"allow":["GET"]}}],"collection":[{"href":"https:\/\/chmedica.ch\/fr\/wp-json\/wp\/v2\/product"}],"about":[{"href":"https:\/\/chmedica.ch\/fr\/wp-json\/wp\/v2\/types\/product"}],"wp:featuredmedia":[{"embeddable":true,"href":"https:\/\/chmedica.ch\/fr\/wp-json\/wp\/v2\/media\/32103"}],"wp:attachment":[{"href":"https:\/\/chmedica.ch\/fr\/wp-json\/wp\/v2\/media?parent=32109"}],"wp:term":[{"taxonomy":"product_brand","embeddable":true,"href":"https:\/\/chmedica.ch\/fr\/wp-json\/wp\/v2\/product_brand?post=32109"},{"taxonomy":"product_cat","embeddable":true,"href":"https:\/\/chmedica.ch\/fr\/wp-json\/wp\/v2\/product_cat?post=32109"},{"taxonomy":"product_tag","embeddable":true,"href":"https:\/\/chmedica.ch\/fr\/wp-json\/wp\/v2\/product_tag?post=32109"}],"curies":[{"name":"wp","href":"https:\/\/api.w.org\/{rel}","templated":true}]}}