{"id":30699,"date":"2023-06-22T17:01:10","date_gmt":"2023-06-22T15:01:10","guid":{"rendered":"https:\/\/chmedica.ch\/prodotto\/urinal-en-plastique-homme\/"},"modified":"2024-01-02T13:58:49","modified_gmt":"2024-01-02T12:58:49","slug":"urinal-en-plastique-homme","status":"publish","type":"product","link":"https:\/\/chmedica.ch\/fr\/produit\/urinal-en-plastique-homme\/","title":{"rendered":"URINAL EN PLASTIQUE HOMME"},"content":{"rendered":"","protected":false},"excerpt":{"rendered":"<p>Urinal en plastique pour homme 1000 ml &#8211; bo\u00eete de 60<\/p>\n<p>Fabriqu\u00e9 en poly\u00e9thyl\u00e8ne et emball\u00e9 individuellement.<br \/>\nPolybag multilingue: GB, FR, IT, ES, PT, PL, GR, SE.<\/p>\n","protected":false},"featured_media":30693,"template":"","meta":{"_acf_changed":false},"product_brand":[],"product_cat":[1508,934],"product_tag":[],"class_list":{"0":"post-30699","1":"product","2":"type-product","3":"status-publish","4":"has-post-thumbnail","6":"product_cat-conteneurs-biologiques-et-urinaires","7":"product_cat-conteneurs-biologiques-urinaires","9":"first","10":"onbackorder","11":"taxable","12":"shipping-taxable","13":"purchasable","14":"product-type-simple"},"acf":{"fornitore":"GIMA","standard_accessori":"","unita_misura":"conf. 60 pz."},"_links":{"self":[{"href":"https:\/\/chmedica.ch\/fr\/wp-json\/wp\/v2\/product\/30699","targetHints":{"allow":["GET"]}}],"collection":[{"href":"https:\/\/chmedica.ch\/fr\/wp-json\/wp\/v2\/product"}],"about":[{"href":"https:\/\/chmedica.ch\/fr\/wp-json\/wp\/v2\/types\/product"}],"wp:featuredmedia":[{"embeddable":true,"href":"https:\/\/chmedica.ch\/fr\/wp-json\/wp\/v2\/media\/30693"}],"wp:attachment":[{"href":"https:\/\/chmedica.ch\/fr\/wp-json\/wp\/v2\/media?parent=30699"}],"wp:term":[{"taxonomy":"product_brand","embeddable":true,"href":"https:\/\/chmedica.ch\/fr\/wp-json\/wp\/v2\/product_brand?post=30699"},{"taxonomy":"product_cat","embeddable":true,"href":"https:\/\/chmedica.ch\/fr\/wp-json\/wp\/v2\/product_cat?post=30699"},{"taxonomy":"product_tag","embeddable":true,"href":"https:\/\/chmedica.ch\/fr\/wp-json\/wp\/v2\/product_tag?post=30699"}],"curies":[{"name":"wp","href":"https:\/\/api.w.org\/{rel}","templated":true}]}}