{"id":30627,"date":"2023-06-22T17:00:10","date_gmt":"2023-06-22T15:00:10","guid":{"rendered":"https:\/\/chmedica.ch\/prodotto\/proctoscope-adulte\/"},"modified":"2025-10-06T17:15:44","modified_gmt":"2025-10-06T15:15:44","slug":"proctoscope-adulte","status":"publish","type":"product","link":"https:\/\/chmedica.ch\/fr\/produit\/proctoscope-adulte\/","title":{"rendered":"PROCTOSCOPE &#8211; adulte"},"content":{"rendered":"","protected":false},"excerpt":{"rendered":"<p>PROCTOSCOPE POUR ADULTE<\/p>\n<p>Proctoscope fabriqu\u00e9 en PS et emball\u00e9 dans une poche st\u00e9rile unique.<br \/>\nProduit \u00e0 usage unique.<\/p>\n","protected":false},"featured_media":30621,"template":"","meta":{"_acf_changed":false},"product_brand":[],"product_cat":[1132,864],"product_tag":[],"class_list":{"0":"post-30627","1":"product","2":"type-product","3":"status-publish","4":"has-post-thumbnail","6":"product_cat-amnioscope-proctoscope-rectoscope-a-usage-unique","7":"product_cat-gynecologie","9":"first","10":"onbackorder","11":"taxable","12":"shipping-taxable","13":"purchasable","14":"product-type-simple"},"acf":{"fornitore":"GIMA","standard_accessori":"","unita_misura":"conf. 50 pz."},"_links":{"self":[{"href":"https:\/\/chmedica.ch\/fr\/wp-json\/wp\/v2\/product\/30627","targetHints":{"allow":["GET"]}}],"collection":[{"href":"https:\/\/chmedica.ch\/fr\/wp-json\/wp\/v2\/product"}],"about":[{"href":"https:\/\/chmedica.ch\/fr\/wp-json\/wp\/v2\/types\/product"}],"wp:featuredmedia":[{"embeddable":true,"href":"https:\/\/chmedica.ch\/fr\/wp-json\/wp\/v2\/media\/30621"}],"wp:attachment":[{"href":"https:\/\/chmedica.ch\/fr\/wp-json\/wp\/v2\/media?parent=30627"}],"wp:term":[{"taxonomy":"product_brand","embeddable":true,"href":"https:\/\/chmedica.ch\/fr\/wp-json\/wp\/v2\/product_brand?post=30627"},{"taxonomy":"product_cat","embeddable":true,"href":"https:\/\/chmedica.ch\/fr\/wp-json\/wp\/v2\/product_cat?post=30627"},{"taxonomy":"product_tag","embeddable":true,"href":"https:\/\/chmedica.ch\/fr\/wp-json\/wp\/v2\/product_tag?post=30627"}],"curies":[{"name":"wp","href":"https:\/\/api.w.org\/{rel}","templated":true}]}}