{"id":30423,"date":"2023-06-22T16:58:35","date_gmt":"2023-06-22T14:58:35","guid":{"rendered":"https:\/\/chmedica.ch\/prodotto\/sac-pour-vomissement-jetable-traveljohn-800cc\/"},"modified":"2025-09-09T09:31:01","modified_gmt":"2025-09-09T07:31:01","slug":"sac-pour-vomissement-jetable-traveljohn-800cc","status":"publish","type":"product","link":"https:\/\/chmedica.ch\/fr\/produit\/sac-pour-vomissement-jetable-traveljohn-800cc\/","title":{"rendered":"SAC POUR VOMISSEMENT JETABLE TRAVELJOHN 800cc"},"content":{"rendered":"","protected":false},"excerpt":{"rendered":"<p>SAC POUR VOMISSEMENT JETABLE TRAVELJOHN\u2122 800cc &#8211; bo\u00eete de 5<\/p>\n<p>&#8211; \u00e0 g\u00e9lification imm\u00e9diate, imperm\u00e9able<br \/>\n&#8211; pratique et compact<br \/>\n&#8211; inodore, facile \u00e0 \u00e9liminer<\/p>\n<p>Usage unique<br \/>\nFermeture avec bande collante<br \/>\nL&rsquo;adaptateur unisexe facilite l&rsquo;utilisation pour tout le monde<\/p>\n","protected":false},"featured_media":30393,"template":"","meta":{"_acf_changed":false},"product_brand":[],"product_cat":[934,1508],"product_tag":[],"class_list":{"0":"post-30423","1":"product","2":"type-product","3":"status-publish","4":"has-post-thumbnail","6":"product_cat-conteneurs-biologiques-urinaires","7":"product_cat-conteneurs-biologiques-et-urinaires","9":"first","10":"onbackorder","11":"taxable","12":"shipping-taxable","13":"purchasable","14":"product-type-simple"},"acf":{"fornitore":"GIMA","standard_accessori":"","unita_misura":"conf. 5 pz."},"_links":{"self":[{"href":"https:\/\/chmedica.ch\/fr\/wp-json\/wp\/v2\/product\/30423","targetHints":{"allow":["GET"]}}],"collection":[{"href":"https:\/\/chmedica.ch\/fr\/wp-json\/wp\/v2\/product"}],"about":[{"href":"https:\/\/chmedica.ch\/fr\/wp-json\/wp\/v2\/types\/product"}],"wp:featuredmedia":[{"embeddable":true,"href":"https:\/\/chmedica.ch\/fr\/wp-json\/wp\/v2\/media\/30393"}],"wp:attachment":[{"href":"https:\/\/chmedica.ch\/fr\/wp-json\/wp\/v2\/media?parent=30423"}],"wp:term":[{"taxonomy":"product_brand","embeddable":true,"href":"https:\/\/chmedica.ch\/fr\/wp-json\/wp\/v2\/product_brand?post=30423"},{"taxonomy":"product_cat","embeddable":true,"href":"https:\/\/chmedica.ch\/fr\/wp-json\/wp\/v2\/product_cat?post=30423"},{"taxonomy":"product_tag","embeddable":true,"href":"https:\/\/chmedica.ch\/fr\/wp-json\/wp\/v2\/product_tag?post=30423"}],"curies":[{"name":"wp","href":"https:\/\/api.w.org\/{rel}","templated":true}]}}