{"id":30387,"date":"2023-06-22T16:58:27","date_gmt":"2023-06-22T14:58:27","guid":{"rendered":"https:\/\/chmedica.ch\/prodotto\/urinoir-jetable-en-papier-traveljohn-800cc\/"},"modified":"2024-01-02T13:55:50","modified_gmt":"2024-01-02T12:55:50","slug":"urinoir-jetable-en-papier-traveljohn-800cc","status":"publish","type":"product","link":"https:\/\/chmedica.ch\/fr\/produit\/urinoir-jetable-en-papier-traveljohn-800cc\/","title":{"rendered":"URINOIR JETABLE EN PAPIER TRAVELJOHN 800cc"},"content":{"rendered":"","protected":false},"excerpt":{"rendered":"<p>URINOIR JETABLE EN PAPIER TRAVELJOHN 800cc &#8211;  bo\u00eete de 4<\/p>\n<p>&#8211; sachet en polym\u00e8re tr\u00e8s pratique et hyper absorbant qui transforme imm\u00e9diatement l&rsquo;urine en gel<br \/>\n&#8211; facile \u00e0 \u00e9liminer parmi les d\u00e9chets ordinaires<br \/>\n&#8211; bord en plastique unisex pour faciliter l&rsquo;utilisation<\/p>\n<p>Usage unique<br \/>\nFermeture avec bande collante<br \/>\nL\u2019adaptateur unisexe facilite l\u2019utilisation pour tout le monde<\/p>\n","protected":false},"featured_media":30357,"template":"","meta":{"_acf_changed":false},"product_brand":[],"product_cat":[1508,934],"product_tag":[],"class_list":{"0":"post-30387","1":"product","2":"type-product","3":"status-publish","4":"has-post-thumbnail","6":"product_cat-conteneurs-biologiques-et-urinaires","7":"product_cat-conteneurs-biologiques-urinaires","9":"first","10":"onbackorder","11":"taxable","12":"shipping-taxable","13":"purchasable","14":"product-type-simple"},"acf":{"fornitore":"GIMA","standard_accessori":"","unita_misura":"conf. 4 pz."},"_links":{"self":[{"href":"https:\/\/chmedica.ch\/fr\/wp-json\/wp\/v2\/product\/30387","targetHints":{"allow":["GET"]}}],"collection":[{"href":"https:\/\/chmedica.ch\/fr\/wp-json\/wp\/v2\/product"}],"about":[{"href":"https:\/\/chmedica.ch\/fr\/wp-json\/wp\/v2\/types\/product"}],"wp:featuredmedia":[{"embeddable":true,"href":"https:\/\/chmedica.ch\/fr\/wp-json\/wp\/v2\/media\/30357"}],"wp:attachment":[{"href":"https:\/\/chmedica.ch\/fr\/wp-json\/wp\/v2\/media?parent=30387"}],"wp:term":[{"taxonomy":"product_brand","embeddable":true,"href":"https:\/\/chmedica.ch\/fr\/wp-json\/wp\/v2\/product_brand?post=30387"},{"taxonomy":"product_cat","embeddable":true,"href":"https:\/\/chmedica.ch\/fr\/wp-json\/wp\/v2\/product_cat?post=30387"},{"taxonomy":"product_tag","embeddable":true,"href":"https:\/\/chmedica.ch\/fr\/wp-json\/wp\/v2\/product_tag?post=30387"}],"curies":[{"name":"wp","href":"https:\/\/api.w.org\/{rel}","templated":true}]}}