{"id":29409,"date":"2023-06-22T16:51:33","date_gmt":"2023-06-22T14:51:33","guid":{"rendered":"https:\/\/chmedica.ch\/prodotto\/coupe-comprimes-ultra-blister\/"},"modified":"2024-01-02T13:46:13","modified_gmt":"2024-01-02T12:46:13","slug":"coupe-comprimes-ultra-blister","status":"publish","type":"product","link":"https:\/\/chmedica.ch\/fr\/produit\/coupe-comprimes-ultra-blister\/","title":{"rendered":"COUPE-COMPRIM\u00c9S ULTRA &#8211; blister"},"content":{"rendered":"<p>\u2022 La lame de qualit\u00e9 en acier inoxydable permet une coupe ais\u00e9e<br \/>\n\u2022 Protection de lame pour une double s\u00e9curit\u00e9<br \/>\n\u2022 Le serre-comprim\u00e9 maintient les comprim\u00e9s bien en place<br \/>\n\u2022 Compartiment de rangement des comprim\u00e9s<\/p>\n","protected":false},"excerpt":{"rendered":"<p>Outils pratiques, id\u00e9aux pour les personnes \u00e2g\u00e9es, les enfants et les infirmiers.<br \/>\nParfaits \u00e9galement pour les soins des animaux. \u00c9vitent la dispersion des m\u00e9dicaments et garantissent l&rsquo;int\u00e9grit\u00e9 de la dose. Nettoyage facile (en lave-vaisselle).<br \/>\nMat\u00e9riau indestructible non toxique.<\/p>\n<p>Coupe pr\u00e9cise des comprim\u00e9s et petites et grandes tablettes pour un dosage r\u00e9duit ou une ingestion facilit\u00e9e.<br \/>\nProduits de haute qualit\u00e9, fabriqu\u00e9s en USA.<\/p>\n","protected":false},"featured_media":29379,"template":"","meta":{"_acf_changed":false},"product_brand":[],"product_cat":[942,1746],"product_tag":[],"class_list":{"0":"post-29409","1":"product","2":"type-product","3":"status-publish","4":"has-post-thumbnail","6":"product_cat-coupe-pilules-broyeur-pilules-pilulier","7":"product_cat-pill-cutters-pill-crushers","9":"first","10":"onbackorder","11":"taxable","12":"shipping-taxable","13":"purchasable","14":"product-type-simple"},"acf":{"fornitore":"GIMA","standard_accessori":"","unita_misura":"1 pz."},"_links":{"self":[{"href":"https:\/\/chmedica.ch\/fr\/wp-json\/wp\/v2\/product\/29409","targetHints":{"allow":["GET"]}}],"collection":[{"href":"https:\/\/chmedica.ch\/fr\/wp-json\/wp\/v2\/product"}],"about":[{"href":"https:\/\/chmedica.ch\/fr\/wp-json\/wp\/v2\/types\/product"}],"wp:featuredmedia":[{"embeddable":true,"href":"https:\/\/chmedica.ch\/fr\/wp-json\/wp\/v2\/media\/29379"}],"wp:attachment":[{"href":"https:\/\/chmedica.ch\/fr\/wp-json\/wp\/v2\/media?parent=29409"}],"wp:term":[{"taxonomy":"product_brand","embeddable":true,"href":"https:\/\/chmedica.ch\/fr\/wp-json\/wp\/v2\/product_brand?post=29409"},{"taxonomy":"product_cat","embeddable":true,"href":"https:\/\/chmedica.ch\/fr\/wp-json\/wp\/v2\/product_cat?post=29409"},{"taxonomy":"product_tag","embeddable":true,"href":"https:\/\/chmedica.ch\/fr\/wp-json\/wp\/v2\/product_tag?post=29409"}],"curies":[{"name":"wp","href":"https:\/\/api.w.org\/{rel}","templated":true}]}}