{"id":29346,"date":"2023-06-22T16:51:17","date_gmt":"2023-06-22T14:51:17","guid":{"rendered":"https:\/\/chmedica.ch\/prodotto\/ouvre-flacons\/"},"modified":"2024-01-02T13:45:54","modified_gmt":"2024-01-02T12:45:54","slug":"ouvre-flacons","status":"publish","type":"product","link":"https:\/\/chmedica.ch\/fr\/produit\/ouvre-flacons\/","title":{"rendered":"OUVRE-FLACONS"},"content":{"rendered":"","protected":false},"excerpt":{"rendered":"<p>Un outil pratique pour aider \u00e0 ouvrir des flacons d&rsquo;une mani\u00e8re s\u00fbre.<\/p>\n","protected":false},"featured_media":29340,"template":"","meta":{"_acf_changed":false},"product_brand":[],"product_cat":[942,1760],"product_tag":[],"class_list":{"0":"post-29346","1":"product","2":"type-product","3":"status-publish","4":"has-post-thumbnail","6":"product_cat-coupe-pilules-broyeur-pilules-pilulier","7":"product_cat-porte-flacons-ouvre-flacons","9":"first","10":"onbackorder","11":"taxable","12":"shipping-taxable","13":"purchasable","14":"product-type-simple"},"acf":{"fornitore":"GIMA","standard_accessori":"","unita_misura":"conf. 20 pz."},"_links":{"self":[{"href":"https:\/\/chmedica.ch\/fr\/wp-json\/wp\/v2\/product\/29346","targetHints":{"allow":["GET"]}}],"collection":[{"href":"https:\/\/chmedica.ch\/fr\/wp-json\/wp\/v2\/product"}],"about":[{"href":"https:\/\/chmedica.ch\/fr\/wp-json\/wp\/v2\/types\/product"}],"wp:featuredmedia":[{"embeddable":true,"href":"https:\/\/chmedica.ch\/fr\/wp-json\/wp\/v2\/media\/29340"}],"wp:attachment":[{"href":"https:\/\/chmedica.ch\/fr\/wp-json\/wp\/v2\/media?parent=29346"}],"wp:term":[{"taxonomy":"product_brand","embeddable":true,"href":"https:\/\/chmedica.ch\/fr\/wp-json\/wp\/v2\/product_brand?post=29346"},{"taxonomy":"product_cat","embeddable":true,"href":"https:\/\/chmedica.ch\/fr\/wp-json\/wp\/v2\/product_cat?post=29346"},{"taxonomy":"product_tag","embeddable":true,"href":"https:\/\/chmedica.ch\/fr\/wp-json\/wp\/v2\/product_tag?post=29346"}],"curies":[{"name":"wp","href":"https:\/\/api.w.org\/{rel}","templated":true}]}}