{"id":29247,"date":"2023-06-22T16:50:36","date_gmt":"2023-06-22T14:50:36","guid":{"rendered":"https:\/\/chmedica.ch\/prodotto\/pilulier-semainier\/"},"modified":"2024-01-02T13:45:21","modified_gmt":"2024-01-02T12:45:21","slug":"pilulier-semainier","status":"publish","type":"product","link":"https:\/\/chmedica.ch\/fr\/produit\/pilulier-semainier\/","title":{"rendered":"PILULIER SEMAINIER"},"content":{"rendered":"<p>Compartiments: 7<br \/>\nTranslucide : NON<br \/>\nDimensions cm: 13&#215;2,5&#215;2<br \/>\nConditionnement: bo\u00efte<\/p>\n","protected":false},"excerpt":{"rendered":"<p>PILULIER SEMAINIER &#8211; blanc- bo\u00eete<\/p>\n<p>Livr\u00e9 avec un jeu d&rsquo;\u00e9tiquettes adapt\u00e9es \u00e0 6 langues (GB, FR, DE, IT, ES, PT) pour le marquage du compartiment.<br \/>\n1 \u00e9tiquette blanche suppl\u00e9mentaire pour la personnalisation.<\/p>\n","protected":false},"featured_media":29223,"template":"","meta":{"_acf_changed":false},"product_brand":[],"product_cat":[942,1768],"product_tag":[],"class_list":{"0":"post-29247","1":"product","2":"type-product","3":"status-publish","4":"has-post-thumbnail","6":"product_cat-coupe-pilules-broyeur-pilules-pilulier","7":"product_cat-piluliers-minuteurs","9":"first","10":"onbackorder","11":"taxable","12":"shipping-taxable","13":"purchasable","14":"product-type-simple"},"acf":{"fornitore":"GIMA","standard_accessori":"","unita_misura":"1 pz."},"_links":{"self":[{"href":"https:\/\/chmedica.ch\/fr\/wp-json\/wp\/v2\/product\/29247","targetHints":{"allow":["GET"]}}],"collection":[{"href":"https:\/\/chmedica.ch\/fr\/wp-json\/wp\/v2\/product"}],"about":[{"href":"https:\/\/chmedica.ch\/fr\/wp-json\/wp\/v2\/types\/product"}],"wp:featuredmedia":[{"embeddable":true,"href":"https:\/\/chmedica.ch\/fr\/wp-json\/wp\/v2\/media\/29223"}],"wp:attachment":[{"href":"https:\/\/chmedica.ch\/fr\/wp-json\/wp\/v2\/media?parent=29247"}],"wp:term":[{"taxonomy":"product_brand","embeddable":true,"href":"https:\/\/chmedica.ch\/fr\/wp-json\/wp\/v2\/product_brand?post=29247"},{"taxonomy":"product_cat","embeddable":true,"href":"https:\/\/chmedica.ch\/fr\/wp-json\/wp\/v2\/product_cat?post=29247"},{"taxonomy":"product_tag","embeddable":true,"href":"https:\/\/chmedica.ch\/fr\/wp-json\/wp\/v2\/product_tag?post=29247"}],"curies":[{"name":"wp","href":"https:\/\/api.w.org\/{rel}","templated":true}]}}