{"id":29211,"date":"2023-06-22T16:50:23","date_gmt":"2023-06-22T14:50:23","guid":{"rendered":"https:\/\/chmedica.ch\/prodotto\/pilulier-7-jours\/"},"modified":"2024-01-02T13:45:08","modified_gmt":"2024-01-02T12:45:08","slug":"pilulier-7-jours","status":"publish","type":"product","link":"https:\/\/chmedica.ch\/fr\/produit\/pilulier-7-jours\/","title":{"rendered":"PILULIER 7 JOURS"},"content":{"rendered":"<p>\u2022 Anglais imprim\u00e9 sur les piluliers: oui<br \/>\n\u2022 \u00c9tiquettes en d&rsquo;autres langues*: 11 langues<br \/>\n\u2022 Coloris: translucide<br \/>\n\u2022 Compartiments: 28 (4&#215;7)<br \/>\n\u2022 Dimensions cm: 17 x 12 x 2<br \/>\n\u2022 Conditionnement: bo\u00efte <\/p>\n<p>*Fournis avec un jeu d&rsquo;\u00e9tiquettes correspondant aux jours en 6 langues (anglais, fran\u00e7ais, allemand, italien, portugais, espagnol) et une \u00e9tiquette vierge pour marquage particulier d&rsquo;un compartiment.<\/p>\n","protected":false},"excerpt":{"rendered":"<p>Compos\u00e9 de 7 bo\u00eetes \u00e9quip\u00e9es de 4 compartiments (matin, midi, soir, nuit).<\/p>\n<p>Fourni avec un jeu d&rsquo;\u00e9tiquettes pour l&rsquo;identification individuelle des compartiments en 11 langues (GB, FR, IT, ES, DE, PT, PL, GR, HU, RO, SE).<\/p>\n<p>Le couvercle translucide permet de v\u00e9rifier que le m\u00e9dicament a \u00e9t\u00e9 pris.<\/p>\n","protected":false},"featured_media":29199,"template":"","meta":{"_acf_changed":false},"product_brand":[],"product_cat":[942,1768],"product_tag":[],"class_list":{"0":"post-29211","1":"product","2":"type-product","3":"status-publish","4":"has-post-thumbnail","6":"product_cat-coupe-pilules-broyeur-pilules-pilulier","7":"product_cat-piluliers-minuteurs","9":"first","10":"onbackorder","11":"taxable","12":"shipping-taxable","13":"purchasable","14":"product-type-simple"},"acf":{"fornitore":"GIMA","standard_accessori":"","unita_misura":"1 pz."},"_links":{"self":[{"href":"https:\/\/chmedica.ch\/fr\/wp-json\/wp\/v2\/product\/29211","targetHints":{"allow":["GET"]}}],"collection":[{"href":"https:\/\/chmedica.ch\/fr\/wp-json\/wp\/v2\/product"}],"about":[{"href":"https:\/\/chmedica.ch\/fr\/wp-json\/wp\/v2\/types\/product"}],"wp:featuredmedia":[{"embeddable":true,"href":"https:\/\/chmedica.ch\/fr\/wp-json\/wp\/v2\/media\/29199"}],"wp:attachment":[{"href":"https:\/\/chmedica.ch\/fr\/wp-json\/wp\/v2\/media?parent=29211"}],"wp:term":[{"taxonomy":"product_brand","embeddable":true,"href":"https:\/\/chmedica.ch\/fr\/wp-json\/wp\/v2\/product_brand?post=29211"},{"taxonomy":"product_cat","embeddable":true,"href":"https:\/\/chmedica.ch\/fr\/wp-json\/wp\/v2\/product_cat?post=29211"},{"taxonomy":"product_tag","embeddable":true,"href":"https:\/\/chmedica.ch\/fr\/wp-json\/wp\/v2\/product_tag?post=29211"}],"curies":[{"name":"wp","href":"https:\/\/api.w.org\/{rel}","templated":true}]}}