{"id":29196,"date":"2023-06-22T16:50:15","date_gmt":"2023-06-22T14:50:15","guid":{"rendered":"https:\/\/chmedica.ch\/prodotto\/broyeur-de-comprimes\/"},"modified":"2024-01-02T13:45:01","modified_gmt":"2024-01-02T12:45:01","slug":"broyeur-de-comprimes","status":"publish","type":"product","link":"https:\/\/chmedica.ch\/fr\/produit\/broyeur-de-comprimes\/","title":{"rendered":"BROYEUR DE COMPRIM\u00c9S"},"content":{"rendered":"","protected":false},"excerpt":{"rendered":"<p>Le puissant syst\u00e8me broyeur r\u00e9duit en poudre les comprim\u00e9s de toutes formes et tailles d&rsquo;une simple rotation du poignet.<\/p>\n<p>Id\u00e9al pour broyer les comprim\u00e9s sans effort.<br \/>\nBo\u00eete et mode d&#8217;emploi multilingue: GB, FR, IT, ES, DE, PT, PL, GR.<\/p>\n","protected":false},"featured_media":29166,"template":"","meta":{"_acf_changed":false},"product_brand":[],"product_cat":[942,1746],"product_tag":[],"class_list":{"0":"post-29196","1":"product","2":"type-product","3":"status-publish","4":"has-post-thumbnail","6":"product_cat-coupe-pilules-broyeur-pilules-pilulier","7":"product_cat-pill-cutters-pill-crushers","9":"first","10":"onbackorder","11":"taxable","12":"shipping-taxable","13":"purchasable","14":"product-type-simple"},"acf":{"fornitore":"GIMA","standard_accessori":"","unita_misura":"1 pz."},"_links":{"self":[{"href":"https:\/\/chmedica.ch\/fr\/wp-json\/wp\/v2\/product\/29196","targetHints":{"allow":["GET"]}}],"collection":[{"href":"https:\/\/chmedica.ch\/fr\/wp-json\/wp\/v2\/product"}],"about":[{"href":"https:\/\/chmedica.ch\/fr\/wp-json\/wp\/v2\/types\/product"}],"wp:featuredmedia":[{"embeddable":true,"href":"https:\/\/chmedica.ch\/fr\/wp-json\/wp\/v2\/media\/29166"}],"wp:attachment":[{"href":"https:\/\/chmedica.ch\/fr\/wp-json\/wp\/v2\/media?parent=29196"}],"wp:term":[{"taxonomy":"product_brand","embeddable":true,"href":"https:\/\/chmedica.ch\/fr\/wp-json\/wp\/v2\/product_brand?post=29196"},{"taxonomy":"product_cat","embeddable":true,"href":"https:\/\/chmedica.ch\/fr\/wp-json\/wp\/v2\/product_cat?post=29196"},{"taxonomy":"product_tag","embeddable":true,"href":"https:\/\/chmedica.ch\/fr\/wp-json\/wp\/v2\/product_tag?post=29196"}],"curies":[{"name":"wp","href":"https:\/\/api.w.org\/{rel}","templated":true}]}}