{"id":29130,"date":"2023-06-22T16:49:54","date_gmt":"2023-06-22T14:49:54","guid":{"rendered":"https:\/\/chmedica.ch\/prodotto\/coupe-comprimes-en-vrac\/"},"modified":"2024-01-02T13:44:48","modified_gmt":"2024-01-02T12:44:48","slug":"coupe-comprimes-en-vrac","status":"publish","type":"product","link":"https:\/\/chmedica.ch\/fr\/produit\/coupe-comprimes-en-vrac\/","title":{"rendered":"COUPE-COMPRIM\u00c9S &#8211; en vrac"},"content":{"rendered":"<p>\u2022 La lame de qualit\u00e9 en acier inoxydable permet une coupe ais\u00e9e<br \/>\n\u2022 Compartiment de rangement des comprim\u00e9s<\/p>\n","protected":false},"excerpt":{"rendered":"<p>Outils pratiques, id\u00e9aux pour les personnes \u00e2g\u00e9es, les enfants et les infirmiers.<br \/>\nParfaits \u00e9galement pour les soins des animaux. \u00c9vitent la dispersion des m\u00e9dicaments et garantissent l&rsquo;int\u00e9grit\u00e9 de la dose. Nettoyage facile (en lave-vaisselle).<br \/>\nMat\u00e9riau indestructible non toxique.<\/p>\n<p>Coupe pr\u00e9cise des comprim\u00e9s et petites et grandes tablettes pour un dosage r\u00e9duit ou une ingestion facilit\u00e9e.<br \/>\nProduits de haute qualit\u00e9, fabriqu\u00e9s en Europe.<\/p>\n","protected":false},"featured_media":29112,"template":"","meta":{"_acf_changed":false},"product_brand":[],"product_cat":[942,1746],"product_tag":[],"class_list":{"0":"post-29130","1":"product","2":"type-product","3":"status-publish","4":"has-post-thumbnail","6":"product_cat-coupe-pilules-broyeur-pilules-pilulier","7":"product_cat-pill-cutters-pill-crushers","9":"first","10":"onbackorder","11":"taxable","12":"shipping-taxable","13":"purchasable","14":"product-type-simple"},"acf":{"fornitore":"GIMA","standard_accessori":"","unita_misura":"1 pz."},"_links":{"self":[{"href":"https:\/\/chmedica.ch\/fr\/wp-json\/wp\/v2\/product\/29130","targetHints":{"allow":["GET"]}}],"collection":[{"href":"https:\/\/chmedica.ch\/fr\/wp-json\/wp\/v2\/product"}],"about":[{"href":"https:\/\/chmedica.ch\/fr\/wp-json\/wp\/v2\/types\/product"}],"wp:featuredmedia":[{"embeddable":true,"href":"https:\/\/chmedica.ch\/fr\/wp-json\/wp\/v2\/media\/29112"}],"wp:attachment":[{"href":"https:\/\/chmedica.ch\/fr\/wp-json\/wp\/v2\/media?parent=29130"}],"wp:term":[{"taxonomy":"product_brand","embeddable":true,"href":"https:\/\/chmedica.ch\/fr\/wp-json\/wp\/v2\/product_brand?post=29130"},{"taxonomy":"product_cat","embeddable":true,"href":"https:\/\/chmedica.ch\/fr\/wp-json\/wp\/v2\/product_cat?post=29130"},{"taxonomy":"product_tag","embeddable":true,"href":"https:\/\/chmedica.ch\/fr\/wp-json\/wp\/v2\/product_tag?post=29130"}],"curies":[{"name":"wp","href":"https:\/\/api.w.org\/{rel}","templated":true}]}}