{"id":28986,"date":"2023-06-22T16:48:53","date_gmt":"2023-06-22T14:48:53","guid":{"rendered":"https:\/\/chmedica.ch\/prodotto\/brosses-perfection-nylon\/"},"modified":"2024-01-02T13:43:24","modified_gmt":"2024-01-02T12:43:24","slug":"brosses-perfection-nylon","status":"publish","type":"product","link":"https:\/\/chmedica.ch\/fr\/produit\/brosses-perfection-nylon\/","title":{"rendered":"BROSSES PERFECTION &#8211; nylon"},"content":{"rendered":"","protected":false},"excerpt":{"rendered":"<p>BROSSES PERFECTION<\/p>\n<p>Brosses en nylon pour le nettoyage avant et apr\u00e8s l&rsquo;op\u00e9ration.<br \/>\nCes brosses sont autoclavables (\u00e0 100\u00b0C durant 5 minutes au maximum) et peuvent \u00eatre conserv\u00e9es dans les distributeurs de brosses standard des h\u00f4pitaux.<\/p>\n<p>R\u00e9sistantes et fiables.<\/p>\n<p>Poign\u00e9e en PP.<\/p>\n<p>Dimensions: 109x41x34 mm.<br \/>\nFournies en bo\u00eetes de 12.<\/p>\n","protected":false},"featured_media":28980,"template":"","meta":{"_acf_changed":false},"product_brand":[],"product_cat":[1780,924],"product_tag":[],"class_list":{"0":"post-28986","1":"product","2":"type-product","3":"status-publish","4":"has-post-thumbnail","6":"product_cat-brosses","7":"product_cat-desinfectants-et-sterilisation-froide","9":"first","10":"onbackorder","11":"taxable","12":"shipping-taxable","13":"purchasable","14":"product-type-simple"},"acf":{"fornitore":"GIMA","standard_accessori":"","unita_misura":"conf. 12 pz."},"_links":{"self":[{"href":"https:\/\/chmedica.ch\/fr\/wp-json\/wp\/v2\/product\/28986","targetHints":{"allow":["GET"]}}],"collection":[{"href":"https:\/\/chmedica.ch\/fr\/wp-json\/wp\/v2\/product"}],"about":[{"href":"https:\/\/chmedica.ch\/fr\/wp-json\/wp\/v2\/types\/product"}],"wp:featuredmedia":[{"embeddable":true,"href":"https:\/\/chmedica.ch\/fr\/wp-json\/wp\/v2\/media\/28980"}],"wp:attachment":[{"href":"https:\/\/chmedica.ch\/fr\/wp-json\/wp\/v2\/media?parent=28986"}],"wp:term":[{"taxonomy":"product_brand","embeddable":true,"href":"https:\/\/chmedica.ch\/fr\/wp-json\/wp\/v2\/product_brand?post=28986"},{"taxonomy":"product_cat","embeddable":true,"href":"https:\/\/chmedica.ch\/fr\/wp-json\/wp\/v2\/product_cat?post=28986"},{"taxonomy":"product_tag","embeddable":true,"href":"https:\/\/chmedica.ch\/fr\/wp-json\/wp\/v2\/product_tag?post=28986"}],"curies":[{"name":"wp","href":"https:\/\/api.w.org\/{rel}","templated":true}]}}