{"id":28947,"date":"2023-06-22T16:48:09","date_gmt":"2023-06-22T14:48:09","guid":{"rendered":"https:\/\/chmedica.ch\/prodotto\/support-universel-dracula\/"},"modified":"2024-01-02T13:42:18","modified_gmt":"2024-01-02T12:42:18","slug":"support-universel-dracula","status":"publish","type":"product","link":"https:\/\/chmedica.ch\/fr\/produit\/support-universel-dracula\/","title":{"rendered":"SUPPORT UNIVERSEL DRACULA"},"content":{"rendered":"","protected":false},"excerpt":{"rendered":"<p>DRACULA<\/p>\n<p>Support universel pour bo\u00eete \u00e0 gants ou \u00e0 serviettes en papier. Ses petites dents pointues s&rsquo;adaptent automatiquement \u00e0 toute bo\u00eete.<br \/>\nUtilisation \u00e0 une seule main.<\/p>\n<p>Personnalisable avec logo \u00e0 partir de 500 unit\u00e9s.<\/p>\n","protected":false},"featured_media":28941,"template":"","meta":{"_acf_changed":false},"product_brand":[],"product_cat":[1630,888],"product_tag":[],"class_list":{"0":"post-28947","1":"product","2":"type-product","3":"status-publish","4":"has-post-thumbnail","6":"product_cat-gants-en-nitrile","7":"product_cat-gants-et-aliments","9":"first","10":"onbackorder","11":"taxable","12":"shipping-taxable","13":"purchasable","14":"product-type-simple"},"acf":{"fornitore":"GIMA","standard_accessori":"","unita_misura":"1 pz."},"_links":{"self":[{"href":"https:\/\/chmedica.ch\/fr\/wp-json\/wp\/v2\/product\/28947","targetHints":{"allow":["GET"]}}],"collection":[{"href":"https:\/\/chmedica.ch\/fr\/wp-json\/wp\/v2\/product"}],"about":[{"href":"https:\/\/chmedica.ch\/fr\/wp-json\/wp\/v2\/types\/product"}],"wp:featuredmedia":[{"embeddable":true,"href":"https:\/\/chmedica.ch\/fr\/wp-json\/wp\/v2\/media\/28941"}],"wp:attachment":[{"href":"https:\/\/chmedica.ch\/fr\/wp-json\/wp\/v2\/media?parent=28947"}],"wp:term":[{"taxonomy":"product_brand","embeddable":true,"href":"https:\/\/chmedica.ch\/fr\/wp-json\/wp\/v2\/product_brand?post=28947"},{"taxonomy":"product_cat","embeddable":true,"href":"https:\/\/chmedica.ch\/fr\/wp-json\/wp\/v2\/product_cat?post=28947"},{"taxonomy":"product_tag","embeddable":true,"href":"https:\/\/chmedica.ch\/fr\/wp-json\/wp\/v2\/product_tag?post=28947"}],"curies":[{"name":"wp","href":"https:\/\/api.w.org\/{rel}","templated":true}]}}