{"id":28857,"date":"2023-06-22T16:46:50","date_gmt":"2023-06-22T14:46:50","guid":{"rendered":"https:\/\/chmedica.ch\/prodotto\/bavettes-50x60-cm-rouleau-de-80-bavettes\/"},"modified":"2024-01-02T13:39:52","modified_gmt":"2024-01-02T12:39:52","slug":"bavettes-50x60-cm-rouleau-de-80-bavettes","status":"publish","type":"product","link":"https:\/\/chmedica.ch\/fr\/produit\/bavettes-50x60-cm-rouleau-de-80-bavettes\/","title":{"rendered":"BAVETTES 50&#215;60 cm &#8211; rouleau de 80 bavettes"},"content":{"rendered":"","protected":false},"excerpt":{"rendered":"<p>Constitu\u00e9es de 2 \u00e9paisseurs, une en tissu de cellulose haute absorption et une en poly\u00e9thyl\u00e8ne imperm\u00e9able. Tr\u00e8s douces et confortables, elles assurent une excellente protection du patient. <\/p>\n<p>Chaque rouleau comporte 80 bavettes dot\u00e9es de rubans ou biadh\u00e9sifs pr\u00e9d\u00e9coup\u00e9s confortables.<\/p>\n<p>Dimensions de bavettes: 50 x 60 cm<\/p>\n","protected":false},"featured_media":28851,"template":"","meta":{"_acf_changed":false},"product_brand":[],"product_cat":[1926,1650],"product_tag":[],"class_list":{"0":"post-28857","1":"product","2":"type-product","3":"status-publish","4":"has-post-thumbnail","6":"product_cat-baillons","7":"product_cat-vetements-jetables","9":"first","10":"onbackorder","11":"featured","12":"taxable","13":"shipping-taxable","14":"purchasable","15":"product-type-simple"},"acf":{"fornitore":"GIMA","standard_accessori":"","unita_misura":"6 rotoli"},"_links":{"self":[{"href":"https:\/\/chmedica.ch\/fr\/wp-json\/wp\/v2\/product\/28857","targetHints":{"allow":["GET"]}}],"collection":[{"href":"https:\/\/chmedica.ch\/fr\/wp-json\/wp\/v2\/product"}],"about":[{"href":"https:\/\/chmedica.ch\/fr\/wp-json\/wp\/v2\/types\/product"}],"wp:featuredmedia":[{"embeddable":true,"href":"https:\/\/chmedica.ch\/fr\/wp-json\/wp\/v2\/media\/28851"}],"wp:attachment":[{"href":"https:\/\/chmedica.ch\/fr\/wp-json\/wp\/v2\/media?parent=28857"}],"wp:term":[{"taxonomy":"product_brand","embeddable":true,"href":"https:\/\/chmedica.ch\/fr\/wp-json\/wp\/v2\/product_brand?post=28857"},{"taxonomy":"product_cat","embeddable":true,"href":"https:\/\/chmedica.ch\/fr\/wp-json\/wp\/v2\/product_cat?post=28857"},{"taxonomy":"product_tag","embeddable":true,"href":"https:\/\/chmedica.ch\/fr\/wp-json\/wp\/v2\/product_tag?post=28857"}],"curies":[{"name":"wp","href":"https:\/\/api.w.org\/{rel}","templated":true}]}}