{"id":28296,"date":"2023-06-22T16:43:12","date_gmt":"2023-06-22T14:43:12","guid":{"rendered":"https:\/\/chmedica.ch\/prodotto\/thermometre-digital-basal-c-etui-en-plastique-2-decimales\/"},"modified":"2024-01-02T13:34:34","modified_gmt":"2024-01-02T12:34:34","slug":"thermometre-digital-basal-c-etui-en-plastique-2-decimales","status":"publish","type":"product","link":"https:\/\/chmedica.ch\/fr\/produit\/thermometre-digital-basal-c-etui-en-plastique-2-decimales\/","title":{"rendered":"THERMOM\u00c8TRE DIGITAL BASAL \u00b0C &#8211; \u00e9tui en plastique &#8211; 2 d\u00e9cimales"},"content":{"rendered":"","protected":false},"excerpt":{"rendered":"<p>Thermom\u00e8tre digital basal.<\/p>\n<p>\u00c0 4 chiffres, 2 d\u00e9cimales, pour contr\u00f4le de la fertilit\u00e9.<br \/>\n\u00catanche.<\/p>\n<p>Mode d&#8217;emploi et bo\u00eete multilingues: GB, FR, IT, ES, PT, DE, GR, Arabe.<\/p>\n","protected":false},"featured_media":28290,"template":"","meta":{"_acf_changed":false},"product_brand":[],"product_cat":[930,1694],"product_tag":[],"class_list":{"0":"post-28296","1":"product","2":"type-product","3":"status-publish","4":"has-post-thumbnail","6":"product_cat-thermometres","7":"product_cat-thermometres-numeriques","9":"first","10":"onbackorder","11":"taxable","12":"shipping-taxable","13":"purchasable","14":"product-type-simple"},"acf":{"fornitore":"GIMA","standard_accessori":"","unita_misura":"1 pz."},"_links":{"self":[{"href":"https:\/\/chmedica.ch\/fr\/wp-json\/wp\/v2\/product\/28296","targetHints":{"allow":["GET"]}}],"collection":[{"href":"https:\/\/chmedica.ch\/fr\/wp-json\/wp\/v2\/product"}],"about":[{"href":"https:\/\/chmedica.ch\/fr\/wp-json\/wp\/v2\/types\/product"}],"wp:featuredmedia":[{"embeddable":true,"href":"https:\/\/chmedica.ch\/fr\/wp-json\/wp\/v2\/media\/28290"}],"wp:attachment":[{"href":"https:\/\/chmedica.ch\/fr\/wp-json\/wp\/v2\/media?parent=28296"}],"wp:term":[{"taxonomy":"product_brand","embeddable":true,"href":"https:\/\/chmedica.ch\/fr\/wp-json\/wp\/v2\/product_brand?post=28296"},{"taxonomy":"product_cat","embeddable":true,"href":"https:\/\/chmedica.ch\/fr\/wp-json\/wp\/v2\/product_cat?post=28296"},{"taxonomy":"product_tag","embeddable":true,"href":"https:\/\/chmedica.ch\/fr\/wp-json\/wp\/v2\/product_tag?post=28296"}],"curies":[{"name":"wp","href":"https:\/\/api.w.org\/{rel}","templated":true}]}}