{"id":27876,"date":"2023-06-22T16:41:15","date_gmt":"2023-06-22T14:41:15","guid":{"rendered":"https:\/\/chmedica.ch\/prodotto\/thermometre-visiofocus\/"},"modified":"2024-01-02T13:31:54","modified_gmt":"2024-01-02T12:31:54","slug":"thermometre-visiofocus","status":"publish","type":"product","link":"https:\/\/chmedica.ch\/fr\/produit\/thermometre-visiofocus\/","title":{"rendered":"THERMOM\u00c8TRE VISIOFOCUS\u00ae"},"content":{"rendered":"<p>\u2022 Plage de mesure frontale: 34,0 \/42,5\u00b0C (93,2\/108,5\u00b0F)<br \/>\n\u2022 Plage de mesure (front exclu): 1,0\/ 80\u00b0C (33,8\/ 176\u00b0F)<br \/>\n\u2022 Intervalle de temp\u00e9rature ambiante: 16\/ 40\u00b0C (60,8\/104\u00b0F)<br \/>\n\u2022 Fonctionne \u00e9galement dans des milieux avec temp\u00e9ratures entre 10 et 16\u00b0C (50\/60,8\u00b0F) et entre 40 et 45\u00b0C (104\/113\u00b0F) mais dans ces cas le degr\u00e9 de pr\u00e9cision est inf\u00e9rieur<br \/>\n\u2022 R\u00e9solution: 0,1\u00b0<br \/>\n\u2022 Niveau de pr\u00e9cision: Conforme \u00e0 ASTM E 1965-98:2009<br \/>\n\u2022 Distance de fonctionnement: Environ 6 cm (2,36&Prime;)<br \/>\n\u2022 Batteries (comprises): 4 AAA\/LR03 type (alcalines)<br \/>\n\u2022 Dur\u00e9e batteries: &lt;30 000 mesures<br \/>\n\u2022 Temps de mesure: &lt;0,5 secondes<br \/>\n\u2022 Temps entre deux mesures cons\u00e9cutives: &lt;2 secondes<\/p>\n","protected":false},"excerpt":{"rendered":"<p>VisioFocus\u00ae est un thermom\u00e8tre \u00e0 l\u2019avant-garde pour mesurer de fa\u00e7on pr\u00e9cise la temp\u00e9rature corporelle. Totalement hygi\u00e9nique, sans aucun contact avec la peau, VisioFocus\u00ae lit les rayons infrarouges naturellement \u00e9mis par la surface de la peau et calcule la temp\u00e9rature du corps.<\/p>\n<p>Thermom\u00e8tre \u201csans contact\u201d qui projette la temp\u00e9rature sur le front.<\/p>\n<p>Avantages de VisioFocus\u00ae:<br \/>\n&#8211; exclusif syst\u00e8me de pointage brevet\u00e9 qui garantit une distance correcte et un point id\u00e9al<br \/>\n&#8211; projection de la temp\u00e9rature sur le front<br \/>\n&#8211; le bouton facial r\u00e8gle automatiquement la temp\u00e9rature frontale \u00e0 celle de l\u2019environnement (chambre) pour des r\u00e9sultats pr\u00e9cis<br \/>\n&#8211; syst\u00e8mes AQCS et MQCS exclusifs et brevet\u00e9s pour maintenir la temp\u00e9rature du thermom\u00e8tre constante et correcte pour des p\u00e9riodes prolong\u00e9es ou lors du passage d\u2019un endroit \u00e0 un autre avec des temp\u00e9ratures diff\u00e9rentes<br \/>\n&#8211; test\u00e9 cliniquement<br \/>\n&#8211; totalement hygi\u00e9nique pour les patients et les op\u00e9rateurs: sans contact direct et sans cr\u00e9er de d\u00e9chets<br \/>\n&#8211; sans laser: totalement s\u00fbr; ne comporte aucun risque au cas o\u00f9 les yeux du patients soient ouverts au moment de la mesure<br \/>\n&#8211; CE, FDA, Koseisho, TGA, CFDA<br \/>\n&#8211; instantan\u00e9: fournit la temp\u00e9rature en moins d\u20191 seconde<br \/>\n&#8211; tr\u00e8s \u00e9conomique gr\u00e2ce \u00e0 la batterie \u00e0 longue dur\u00e9e et \u00e0 la rapidit\u00e9 de fonctionnement qui permettent de r\u00e9duire le nombre de thermom\u00e8tres et d\u2019op\u00e9rateurs n\u00e9cessaires \u00e0 un d\u00e9pistage \u00e0 grande \u00e9chelle<\/p>\n<p>Visiofocus\u00ae est \u00e9quip\u00e9 debatteries et mode d\u2019emploi (GB, FR, IT, ES)<br \/>\nFabriqu\u00e9 en Italie<\/p>\n","protected":false},"featured_media":27846,"template":"","meta":{"_acf_changed":false},"product_brand":[],"product_cat":[1704,930],"product_tag":[],"class_list":{"0":"post-27876","1":"product","2":"type-product","3":"status-publish","4":"has-post-thumbnail","6":"product_cat-remote-thermometres","7":"product_cat-thermometres","9":"first","10":"onbackorder","11":"taxable","12":"shipping-taxable","13":"purchasable","14":"product-type-simple"},"acf":{"fornitore":"GIMA","standard_accessori":"Visiofocus\u00ae est \u00e9quip\u00e9 de batteries et mode d\u2019emploi (GB, FR, IT, ES).","unita_misura":"1 pz."},"_links":{"self":[{"href":"https:\/\/chmedica.ch\/fr\/wp-json\/wp\/v2\/product\/27876","targetHints":{"allow":["GET"]}}],"collection":[{"href":"https:\/\/chmedica.ch\/fr\/wp-json\/wp\/v2\/product"}],"about":[{"href":"https:\/\/chmedica.ch\/fr\/wp-json\/wp\/v2\/types\/product"}],"wp:featuredmedia":[{"embeddable":true,"href":"https:\/\/chmedica.ch\/fr\/wp-json\/wp\/v2\/media\/27846"}],"wp:attachment":[{"href":"https:\/\/chmedica.ch\/fr\/wp-json\/wp\/v2\/media?parent=27876"}],"wp:term":[{"taxonomy":"product_brand","embeddable":true,"href":"https:\/\/chmedica.ch\/fr\/wp-json\/wp\/v2\/product_brand?post=27876"},{"taxonomy":"product_cat","embeddable":true,"href":"https:\/\/chmedica.ch\/fr\/wp-json\/wp\/v2\/product_cat?post=27876"},{"taxonomy":"product_tag","embeddable":true,"href":"https:\/\/chmedica.ch\/fr\/wp-json\/wp\/v2\/product_tag?post=27876"}],"curies":[{"name":"wp","href":"https:\/\/api.w.org\/{rel}","templated":true}]}}