{"id":27606,"date":"2023-06-22T16:38:45","date_gmt":"2023-06-22T14:38:45","guid":{"rendered":"https:\/\/chmedica.ch\/prodotto\/garrot-militaire-noire\/"},"modified":"2024-12-13T00:07:32","modified_gmt":"2024-12-12T23:07:32","slug":"garrot-militaire-noire","status":"publish","type":"product","link":"https:\/\/chmedica.ch\/fr\/produit\/garrot-militaire-noire\/","title":{"rendered":"GARROT MILITAIRE &#8211; noire"},"content":{"rendered":"","protected":false},"excerpt":{"rendered":"<p>Garrot militaire &#8211; noir<\/p>\n<p>Utilis\u00e9 principalement pour arr\u00eater une h\u00e9morragie importante d&rsquo;un membre sur le terrain ou dans des conditions ordinaires d&rsquo;urgence pr\u00e9hospitali\u00e8re.<\/p>\n<p>Ce garrot facile \u00e0 utiliser et applicable d&rsquo;une seule main augmente l&rsquo;efficacit\u00e9 de l&rsquo;h\u00e9mostase.<\/p>\n<p>Il peut \u00eatre auto-appliqu\u00e9 ou bien appliqu\u00e9 par les agents de premiers secours, permettant de r\u00e9gler la compression rapidement et ais\u00e9ment suivant la n\u00e9cessit\u00e9.<\/p>\n<p>Utilisable pour les membres sup\u00e9rieurs aussi bien que pour les membres inf\u00e9rieurs.<\/p>\n<p>R\u00e9alis\u00e9 en tissu synth\u00e9tique tiss\u00e9 avec fermoir thermoplastique et treuil s\u00e9curis\u00e9.<\/p>\n<p>Dimensions: 95 x 4 cm<\/p>\n<p>Bo\u00eete multilingue: GB, FR, IT, ES, PT, DE, GR, Arabe.<\/p>\n","protected":false},"featured_media":27588,"template":"","meta":{"_acf_changed":false},"product_brand":[],"product_cat":[764,1710],"product_tag":[],"class_list":{"0":"post-27606","1":"product","2":"type-product","3":"status-publish","4":"has-post-thumbnail","6":"product_cat-articles-sanitaires-pour-pharmacies","7":"product_cat-tourniquets-fr","9":"first","10":"onbackorder","11":"taxable","12":"shipping-taxable","13":"purchasable","14":"product-type-simple"},"acf":{"fornitore":"GIMA","standard_accessori":"","unita_misura":"1 pz."},"_links":{"self":[{"href":"https:\/\/chmedica.ch\/fr\/wp-json\/wp\/v2\/product\/27606","targetHints":{"allow":["GET"]}}],"collection":[{"href":"https:\/\/chmedica.ch\/fr\/wp-json\/wp\/v2\/product"}],"about":[{"href":"https:\/\/chmedica.ch\/fr\/wp-json\/wp\/v2\/types\/product"}],"wp:featuredmedia":[{"embeddable":true,"href":"https:\/\/chmedica.ch\/fr\/wp-json\/wp\/v2\/media\/27588"}],"wp:attachment":[{"href":"https:\/\/chmedica.ch\/fr\/wp-json\/wp\/v2\/media?parent=27606"}],"wp:term":[{"taxonomy":"product_brand","embeddable":true,"href":"https:\/\/chmedica.ch\/fr\/wp-json\/wp\/v2\/product_brand?post=27606"},{"taxonomy":"product_cat","embeddable":true,"href":"https:\/\/chmedica.ch\/fr\/wp-json\/wp\/v2\/product_cat?post=27606"},{"taxonomy":"product_tag","embeddable":true,"href":"https:\/\/chmedica.ch\/fr\/wp-json\/wp\/v2\/product_tag?post=27606"}],"curies":[{"name":"wp","href":"https:\/\/api.w.org\/{rel}","templated":true}]}}