{"id":27546,"date":"2023-06-22T16:38:03","date_gmt":"2023-06-22T14:38:03","guid":{"rendered":"https:\/\/chmedica.ch\/prodotto\/abaisse-langues-plastique-adulte-pediatrique-steriles-20-boites-de-90\/"},"modified":"2024-01-02T13:29:14","modified_gmt":"2024-01-02T12:29:14","slug":"abaisse-langues-plastique-adulte-pediatrique-steriles-20-boites-de-90","status":"publish","type":"product","link":"https:\/\/chmedica.ch\/fr\/produit\/abaisse-langues-plastique-adulte-pediatrique-steriles-20-boites-de-90\/","title":{"rendered":"ABAISSE-LANGUES PLASTIQUE &#8211; adulte\/p\u00e9diatrique &#8211; st\u00e9riles (20 bo\u00eetes de 90)"},"content":{"rendered":"","protected":false},"excerpt":{"rendered":"<p>Abaisse-langues translucides en polystyr\u00e8ne \u00e0 bords lisses et forme courv\u00e9e, st\u00e9riles.<\/p>\n<p>Une extr\u00e9mit\u00e9 dans la version adulte et une extr\u00e9mit\u00e9 dans la version enfant.<\/p>\n<p>Sans latex ni PVC.<\/p>\n<p>La forme courve permet une vision claire durant la visite et \u00e9vite que la maine de l&rsquo;examinateur empeche la vue.<\/p>\n<p>St\u00e9rile: conditionn\u00e9 individuellement en sachets \u00e0 ouverture peel-open (oxyde d&rsquo;\u00e9thyl\u00e8ne).<\/p>\n","protected":false},"featured_media":27540,"template":"","meta":{"_acf_changed":false},"product_brand":[],"product_cat":[1722,764],"product_tag":[],"class_list":{"0":"post-27546","1":"product","2":"type-product","3":"status-publish","4":"has-post-thumbnail","6":"product_cat-abaisse-langue-sanitari-farmacia","7":"product_cat-articles-sanitaires-pour-pharmacies","9":"first","10":"onbackorder","11":"taxable","12":"shipping-taxable","13":"purchasable","14":"product-type-simple"},"acf":{"fornitore":"GIMA","standard_accessori":"","unita_misura":"conf. 1800 pz."},"_links":{"self":[{"href":"https:\/\/chmedica.ch\/fr\/wp-json\/wp\/v2\/product\/27546","targetHints":{"allow":["GET"]}}],"collection":[{"href":"https:\/\/chmedica.ch\/fr\/wp-json\/wp\/v2\/product"}],"about":[{"href":"https:\/\/chmedica.ch\/fr\/wp-json\/wp\/v2\/types\/product"}],"wp:featuredmedia":[{"embeddable":true,"href":"https:\/\/chmedica.ch\/fr\/wp-json\/wp\/v2\/media\/27540"}],"wp:attachment":[{"href":"https:\/\/chmedica.ch\/fr\/wp-json\/wp\/v2\/media?parent=27546"}],"wp:term":[{"taxonomy":"product_brand","embeddable":true,"href":"https:\/\/chmedica.ch\/fr\/wp-json\/wp\/v2\/product_brand?post=27546"},{"taxonomy":"product_cat","embeddable":true,"href":"https:\/\/chmedica.ch\/fr\/wp-json\/wp\/v2\/product_cat?post=27546"},{"taxonomy":"product_tag","embeddable":true,"href":"https:\/\/chmedica.ch\/fr\/wp-json\/wp\/v2\/product_tag?post=27546"}],"curies":[{"name":"wp","href":"https:\/\/api.w.org\/{rel}","templated":true}]}}