{"id":27537,"date":"2023-06-22T16:37:55","date_gmt":"2023-06-22T14:37:55","guid":{"rendered":"https:\/\/chmedica.ch\/prodotto\/abaisse-langues-plastique-adulte-pediatrique-steriles\/"},"modified":"2024-01-02T13:29:07","modified_gmt":"2024-01-02T12:29:07","slug":"abaisse-langues-plastique-adulte-pediatrique-steriles","status":"publish","type":"product","link":"https:\/\/chmedica.ch\/fr\/produit\/abaisse-langues-plastique-adulte-pediatrique-steriles\/","title":{"rendered":"ABAISSE-LANGUES PLASTIQUE &#8211; adulte\/p\u00e9diatrique &#8211; st\u00e9riles"},"content":{"rendered":"","protected":false},"excerpt":{"rendered":"<p>Abaisse-langues translucides en polystyr\u00e8ne \u00e0 bords lisses et forme courv\u00e9e, st\u00e9riles.<\/p>\n<p>Une extr\u00e9mit\u00e9 dans la version adulte et une extr\u00e9mit\u00e9 dans la version enfant.<\/p>\n<p>Sans latex ni PVC.<\/p>\n<p>La forme courve permet une vision claire durant la visite et \u00e9vite que la maine de l&rsquo;examinateur empeche la vue.<\/p>\n<p>St\u00e9rile: conditionn\u00e9 individuellement en sachets \u00e0 ouverture peel-open (oxyde d&rsquo;\u00e9thyl\u00e8ne).<\/p>\n","protected":false},"featured_media":0,"template":"","meta":{"_acf_changed":false},"product_brand":[],"product_cat":[1722,764],"product_tag":[],"class_list":{"0":"post-27537","1":"product","2":"type-product","3":"status-publish","5":"product_cat-abaisse-langue-sanitari-farmacia","6":"product_cat-articles-sanitaires-pour-pharmacies","8":"first","9":"onbackorder","10":"taxable","11":"shipping-taxable","12":"purchasable","13":"product-type-simple"},"acf":{"fornitore":"GIMA","standard_accessori":"","unita_misura":"conf. 90 pz."},"_links":{"self":[{"href":"https:\/\/chmedica.ch\/fr\/wp-json\/wp\/v2\/product\/27537","targetHints":{"allow":["GET"]}}],"collection":[{"href":"https:\/\/chmedica.ch\/fr\/wp-json\/wp\/v2\/product"}],"about":[{"href":"https:\/\/chmedica.ch\/fr\/wp-json\/wp\/v2\/types\/product"}],"wp:attachment":[{"href":"https:\/\/chmedica.ch\/fr\/wp-json\/wp\/v2\/media?parent=27537"}],"wp:term":[{"taxonomy":"product_brand","embeddable":true,"href":"https:\/\/chmedica.ch\/fr\/wp-json\/wp\/v2\/product_brand?post=27537"},{"taxonomy":"product_cat","embeddable":true,"href":"https:\/\/chmedica.ch\/fr\/wp-json\/wp\/v2\/product_cat?post=27537"},{"taxonomy":"product_tag","embeddable":true,"href":"https:\/\/chmedica.ch\/fr\/wp-json\/wp\/v2\/product_tag?post=27537"}],"curies":[{"name":"wp","href":"https:\/\/api.w.org\/{rel}","templated":true}]}}