{"id":27435,"date":"2023-06-22T16:35:35","date_gmt":"2023-06-22T14:35:35","guid":{"rendered":"https:\/\/chmedica.ch\/prodotto\/tuyau-silicone-8x13-mm-25-mm-epaiss\/"},"modified":"2024-01-02T13:26:51","modified_gmt":"2024-01-02T12:26:51","slug":"tuyau-silicone-8x13-mm-25-mm-epaiss","status":"publish","type":"product","link":"https:\/\/chmedica.ch\/fr\/produit\/tuyau-silicone-8x13-mm-25-mm-epaiss\/","title":{"rendered":"TUYAU SILICONE 8&#215;13 mm &#8211; 2,5 mm \u00e9paiss."},"content":{"rendered":"<p>\u2022 Mati\u00e8re premi\u00e8re: HTV-R-401\/60 E &#8211; WACKER (D)<br \/>\n\u2022 Coloris: translucide<br \/>\n\u2022 Duret\u00e9: 60\u00b0 \u00b15 % Shore &#8211; DIN 53505<br \/>\n\u2022 Densit\u00e9: 1,17 g\/ccm &#8211; DIN 53479A<br \/>\n\u2022 Tension: 10,8 N\/mm2 &#8211; DIN 53504 S1<br \/>\n\u2022 Extension: 490\/530 % &#8211; DIN 53504S1<br \/>\n\u2022 R\u00e9sistance \u00e0 la d\u00e9chirure: 34-35 N\/mm &#8211; ASTM D 624 B<br \/>\n\u2022 \u00c9lasticit\u00e9: 51 % &#8211; DIN 53512<br \/>\n\u2022 Set de compression: (22 h\/175\u00b0C): 30-15 % &#8211; DIN 53517<\/p>\n","protected":false},"excerpt":{"rendered":"<p>TUYAUX EN SILICONE &#8211; utilisation m\u00e9dicale externe &#8211; 100% silicone<\/p>\n<p>&#8211; Adapt\u00e9s \u00e0 la st\u00e9rilisation par autoclavage (135 \u00b0C &#8211; 2,2-2,5 bars) et rayons Gamma.<br \/>\n&#8211; R\u00e9sistants \u00e0 l&rsquo;air chaud jusqu&rsquo;\u00e0 200 \u00b0C.<br \/>\n&#8211; Vulcanisation infrarouge.<br \/>\n&#8211; Heures de traitement \u00e0 200 \u00b0C en four sp\u00e9cial.<br \/>\n&#8211; Antiadh\u00e9rents, \u00e9vitent les incrustations et coagulations.<br \/>\n&#8211; Qualit\u00e9 m\u00e9dicale &#8211; Transparents &#8211; Inodores  <\/p>\n<p>Fabriqu\u00e9s en UE conform\u00e9ment \u00e0:<br \/>\n&#8211; US PHARMACOPEA XXI<br \/>\n&#8211; EUROPEAN PHARMACOPEA<br \/>\n&#8211; DIN 58367<br \/>\n&#8211; DIN 58362<br \/>\n&#8211; DIN 13098<br \/>\n&#8211; FDA 177.2600<br \/>\n&#8211; BGA XV partie A et B<br \/>\n&#8211; BGA IX partie B<\/p>\n<p>&#8211; diam\u00e8tre interne x diam\u00e8tre externe: 8 x 13 mm<br \/>\n&#8211; \u00e9paisseur: 2.5 mm<br \/>\n&#8211; commande minimum: rouleau 30 m<\/p>\n<p>TUYAUX EN SILICONE SUR COMMANDE<br \/>\nNous pouvons produire tous les formats (commande minimum de 500 m &#8211; livraison sous 30 jours)<\/p>\n","protected":false},"featured_media":0,"template":"","meta":{"_acf_changed":false},"product_brand":[],"product_cat":[938,1728],"product_tag":[],"class_list":{"0":"post-27435","1":"product","2":"type-product","3":"status-publish","5":"product_cat-electromedical-fr","6":"product_cat-tubes-en-silicone","8":"first","9":"onbackorder","10":"taxable","11":"shipping-taxable","12":"purchasable","13":"product-type-simple"},"acf":{"fornitore":"GIMA","standard_accessori":"","unita_misura":"1 rotolo 30 m"},"_links":{"self":[{"href":"https:\/\/chmedica.ch\/fr\/wp-json\/wp\/v2\/product\/27435","targetHints":{"allow":["GET"]}}],"collection":[{"href":"https:\/\/chmedica.ch\/fr\/wp-json\/wp\/v2\/product"}],"about":[{"href":"https:\/\/chmedica.ch\/fr\/wp-json\/wp\/v2\/types\/product"}],"wp:attachment":[{"href":"https:\/\/chmedica.ch\/fr\/wp-json\/wp\/v2\/media?parent=27435"}],"wp:term":[{"taxonomy":"product_brand","embeddable":true,"href":"https:\/\/chmedica.ch\/fr\/wp-json\/wp\/v2\/product_brand?post=27435"},{"taxonomy":"product_cat","embeddable":true,"href":"https:\/\/chmedica.ch\/fr\/wp-json\/wp\/v2\/product_cat?post=27435"},{"taxonomy":"product_tag","embeddable":true,"href":"https:\/\/chmedica.ch\/fr\/wp-json\/wp\/v2\/product_tag?post=27435"}],"curies":[{"name":"wp","href":"https:\/\/api.w.org\/{rel}","templated":true}]}}