{"id":27255,"date":"2023-06-22T16:32:35","date_gmt":"2023-06-22T14:32:35","guid":{"rendered":"https:\/\/chmedica.ch\/prodotto\/preservatifs-caisse-de-8-boites-de-12\/"},"modified":"2024-01-02T13:22:15","modified_gmt":"2024-01-02T12:22:15","slug":"preservatifs-caisse-de-8-boites-de-12","status":"publish","type":"product","link":"https:\/\/chmedica.ch\/fr\/produit\/preservatifs-caisse-de-8-boites-de-12\/","title":{"rendered":"PR\u00c9SERVATIFS &#8211; caisse de 8 bo\u00eetes de 12"},"content":{"rendered":"","protected":false},"excerpt":{"rendered":"<p>Ligne PHARMADOCT: premiers soins, m\u00e9dicaments, bien-\u00eatre.<\/p>\n<p>Tous les produits sont en plaquettes thermoform\u00e9es en 5 langues (GB, FR, IT, ES, DE).<\/p>\n","protected":false},"featured_media":27249,"template":"","meta":{"_acf_changed":false},"product_brand":[],"product_cat":[764,1876],"product_tag":[],"class_list":{"0":"post-27255","1":"product","2":"type-product","3":"status-publish","4":"has-post-thumbnail","6":"product_cat-articles-sanitaires-pour-pharmacies","7":"product_cat-produits-de-pharmacie-sous-blister-pharmadoct","9":"first","10":"onbackorder","11":"taxable","12":"shipping-taxable","13":"purchasable","14":"product-type-simple"},"acf":{"fornitore":"GIMA","standard_accessori":"","unita_misura":"1 cartone"},"_links":{"self":[{"href":"https:\/\/chmedica.ch\/fr\/wp-json\/wp\/v2\/product\/27255","targetHints":{"allow":["GET"]}}],"collection":[{"href":"https:\/\/chmedica.ch\/fr\/wp-json\/wp\/v2\/product"}],"about":[{"href":"https:\/\/chmedica.ch\/fr\/wp-json\/wp\/v2\/types\/product"}],"wp:featuredmedia":[{"embeddable":true,"href":"https:\/\/chmedica.ch\/fr\/wp-json\/wp\/v2\/media\/27249"}],"wp:attachment":[{"href":"https:\/\/chmedica.ch\/fr\/wp-json\/wp\/v2\/media?parent=27255"}],"wp:term":[{"taxonomy":"product_brand","embeddable":true,"href":"https:\/\/chmedica.ch\/fr\/wp-json\/wp\/v2\/product_brand?post=27255"},{"taxonomy":"product_cat","embeddable":true,"href":"https:\/\/chmedica.ch\/fr\/wp-json\/wp\/v2\/product_cat?post=27255"},{"taxonomy":"product_tag","embeddable":true,"href":"https:\/\/chmedica.ch\/fr\/wp-json\/wp\/v2\/product_tag?post=27255"}],"curies":[{"name":"wp","href":"https:\/\/api.w.org\/{rel}","templated":true}]}}