{"id":27144,"date":"2023-06-22T16:30:45","date_gmt":"2023-06-22T14:30:45","guid":{"rendered":"https:\/\/chmedica.ch\/prodotto\/pharmadoct-bandes-elastiques-4m-x-6cm-caisse-de-6-boites-de-2\/"},"modified":"2024-01-02T13:20:43","modified_gmt":"2024-01-02T12:20:43","slug":"pharmadoct-bandes-elastiques-4m-x-6cm-caisse-de-6-boites-de-2","status":"publish","type":"product","link":"https:\/\/chmedica.ch\/fr\/produit\/pharmadoct-bandes-elastiques-4m-x-6cm-caisse-de-6-boites-de-2\/","title":{"rendered":"PHARMADOCT BANDES \u00c9LASTIQUES 4m x 6cm &#8211; caisse de 6 bo\u00eetes de 2"},"content":{"rendered":"","protected":false},"excerpt":{"rendered":"<p>Ligne PHARMADOCT: premiers soins, m\u00e9dicaments, bien-\u00eatre.<\/p>\n<p>Bandes \u00e9lastiques 4 m x 6 cm <\/p>\n<p>Tous les produits sont en plaquettes thermoform\u00e9es en 5 langues (GB, FR, IT, ES, DE).<\/p>\n","protected":false},"featured_media":27138,"template":"","meta":{"_acf_changed":false},"product_brand":[],"product_cat":[764,1876],"product_tag":[],"class_list":{"0":"post-27144","1":"product","2":"type-product","3":"status-publish","4":"has-post-thumbnail","6":"product_cat-articles-sanitaires-pour-pharmacies","7":"product_cat-produits-de-pharmacie-sous-blister-pharmadoct","9":"first","10":"onbackorder","11":"taxable","12":"shipping-taxable","13":"purchasable","14":"product-type-simple"},"acf":{"fornitore":"GIMA","standard_accessori":"","unita_misura":"1 cartone"},"_links":{"self":[{"href":"https:\/\/chmedica.ch\/fr\/wp-json\/wp\/v2\/product\/27144","targetHints":{"allow":["GET"]}}],"collection":[{"href":"https:\/\/chmedica.ch\/fr\/wp-json\/wp\/v2\/product"}],"about":[{"href":"https:\/\/chmedica.ch\/fr\/wp-json\/wp\/v2\/types\/product"}],"wp:featuredmedia":[{"embeddable":true,"href":"https:\/\/chmedica.ch\/fr\/wp-json\/wp\/v2\/media\/27138"}],"wp:attachment":[{"href":"https:\/\/chmedica.ch\/fr\/wp-json\/wp\/v2\/media?parent=27144"}],"wp:term":[{"taxonomy":"product_brand","embeddable":true,"href":"https:\/\/chmedica.ch\/fr\/wp-json\/wp\/v2\/product_brand?post=27144"},{"taxonomy":"product_cat","embeddable":true,"href":"https:\/\/chmedica.ch\/fr\/wp-json\/wp\/v2\/product_cat?post=27144"},{"taxonomy":"product_tag","embeddable":true,"href":"https:\/\/chmedica.ch\/fr\/wp-json\/wp\/v2\/product_tag?post=27144"}],"curies":[{"name":"wp","href":"https:\/\/api.w.org\/{rel}","templated":true}]}}