{"id":27072,"date":"2023-06-22T16:30:09","date_gmt":"2023-06-22T14:30:09","guid":{"rendered":"https:\/\/chmedica.ch\/prodotto\/pharmadoct-pansements-avec-bande-hemostatique-caisse-de-12-boites-de-20\/"},"modified":"2024-01-02T13:19:54","modified_gmt":"2024-01-02T12:19:54","slug":"pharmadoct-pansements-avec-bande-hemostatique-caisse-de-12-boites-de-20","status":"publish","type":"product","link":"https:\/\/chmedica.ch\/fr\/produit\/pharmadoct-pansements-avec-bande-hemostatique-caisse-de-12-boites-de-20\/","title":{"rendered":"PHARMADOCT PANSEMENTS avec bande h\u00e9mostatique &#8211; caisse de 12 bo\u00eetes de 20"},"content":{"rendered":"","protected":false},"excerpt":{"rendered":"<p>Pansements avec bande h\u00e9mostatique.<\/p>\n<p>Ligne PHARMADOCT: premiers soins, m\u00e9dicaments, bien-\u00eatre.<\/p>\n<p>Tous les produits sont en plaquettes thermoform\u00e9es en 7 langues (GB, FR, IT, ES, DE, PT, GR).<\/p>\n","protected":false},"featured_media":27066,"template":"","meta":{"_acf_changed":false},"product_brand":[],"product_cat":[764,1876],"product_tag":[],"class_list":{"0":"post-27072","1":"product","2":"type-product","3":"status-publish","4":"has-post-thumbnail","6":"product_cat-articles-sanitaires-pour-pharmacies","7":"product_cat-produits-de-pharmacie-sous-blister-pharmadoct","9":"first","10":"onbackorder","11":"taxable","12":"shipping-taxable","13":"purchasable","14":"product-type-simple"},"acf":{"fornitore":"GIMA","standard_accessori":"","unita_misura":"1 cartone"},"_links":{"self":[{"href":"https:\/\/chmedica.ch\/fr\/wp-json\/wp\/v2\/product\/27072","targetHints":{"allow":["GET"]}}],"collection":[{"href":"https:\/\/chmedica.ch\/fr\/wp-json\/wp\/v2\/product"}],"about":[{"href":"https:\/\/chmedica.ch\/fr\/wp-json\/wp\/v2\/types\/product"}],"wp:featuredmedia":[{"embeddable":true,"href":"https:\/\/chmedica.ch\/fr\/wp-json\/wp\/v2\/media\/27066"}],"wp:attachment":[{"href":"https:\/\/chmedica.ch\/fr\/wp-json\/wp\/v2\/media?parent=27072"}],"wp:term":[{"taxonomy":"product_brand","embeddable":true,"href":"https:\/\/chmedica.ch\/fr\/wp-json\/wp\/v2\/product_brand?post=27072"},{"taxonomy":"product_cat","embeddable":true,"href":"https:\/\/chmedica.ch\/fr\/wp-json\/wp\/v2\/product_cat?post=27072"},{"taxonomy":"product_tag","embeddable":true,"href":"https:\/\/chmedica.ch\/fr\/wp-json\/wp\/v2\/product_tag?post=27072"}],"curies":[{"name":"wp","href":"https:\/\/api.w.org\/{rel}","templated":true}]}}