{"id":26898,"date":"2023-06-22T16:28:21","date_gmt":"2023-06-22T14:28:21","guid":{"rendered":"https:\/\/chmedica.ch\/prodotto\/lingettes-absorbantes-en-non-tisse-45-g-30x40-cm-pliees\/"},"modified":"2024-01-02T13:17:08","modified_gmt":"2024-01-02T12:17:08","slug":"lingettes-absorbantes-en-non-tisse-45-g-30x40-cm-pliees","status":"publish","type":"product","link":"https:\/\/chmedica.ch\/fr\/produit\/lingettes-absorbantes-en-non-tisse-45-g-30x40-cm-pliees\/","title":{"rendered":"LINGETTES ABSORBANTES EN NON TISS\u00c9 45 g &#8211; 30&#215;40 cm &#8211; pli\u00e9es"},"content":{"rendered":"","protected":false},"excerpt":{"rendered":"<p>Lingettes absorbantes en non tiss\u00e9 pour usage sanitaire et hygi\u00e9nique.<\/p>\n<p>En pulpe de bois, PES, spunbond PP.<\/p>\n<p>\u2022 Mod\u00e8le: smooth &#8211; pli\u00e9<br \/>\n\u2022 Dimensions: 30 x 40 cm (pr\u00e8cision \u00b15%)<br \/>\n\u2022 Poids: 45\/50 g<br \/>\n\u2022 Commande minimum: 1400 unit\u00e9s (28 bo\u00eetes de 50 unit\u00e9s)<\/p>\n","protected":false},"featured_media":0,"template":"","meta":{"_acf_changed":false},"product_brand":[],"product_cat":[962,1894],"product_tag":[],"class_list":{"0":"post-26898","1":"product","2":"type-product","3":"status-publish","5":"product_cat-feuilles-de-papier-et-lingettes","6":"product_cat-lingettes","8":"first","9":"onbackorder","10":"taxable","11":"shipping-taxable","12":"purchasable","13":"product-type-simple"},"acf":{"fornitore":"GIMA","standard_accessori":"","unita_misura":"conf. 1400 pz."},"_links":{"self":[{"href":"https:\/\/chmedica.ch\/fr\/wp-json\/wp\/v2\/product\/26898","targetHints":{"allow":["GET"]}}],"collection":[{"href":"https:\/\/chmedica.ch\/fr\/wp-json\/wp\/v2\/product"}],"about":[{"href":"https:\/\/chmedica.ch\/fr\/wp-json\/wp\/v2\/types\/product"}],"wp:attachment":[{"href":"https:\/\/chmedica.ch\/fr\/wp-json\/wp\/v2\/media?parent=26898"}],"wp:term":[{"taxonomy":"product_brand","embeddable":true,"href":"https:\/\/chmedica.ch\/fr\/wp-json\/wp\/v2\/product_brand?post=26898"},{"taxonomy":"product_cat","embeddable":true,"href":"https:\/\/chmedica.ch\/fr\/wp-json\/wp\/v2\/product_cat?post=26898"},{"taxonomy":"product_tag","embeddable":true,"href":"https:\/\/chmedica.ch\/fr\/wp-json\/wp\/v2\/product_tag?post=26898"}],"curies":[{"name":"wp","href":"https:\/\/api.w.org\/{rel}","templated":true}]}}