{"id":26610,"date":"2023-06-22T16:26:01","date_gmt":"2023-06-22T14:26:01","guid":{"rendered":"https:\/\/chmedica.ch\/prodotto\/centrifugeuse-xc-2000\/"},"modified":"2024-01-02T13:00:57","modified_gmt":"2024-01-02T12:00:57","slug":"centrifugeuse-xc-2000","status":"publish","type":"product","link":"https:\/\/chmedica.ch\/fr\/produit\/centrifugeuse-xc-2000\/","title":{"rendered":"CENTRIFUGEUSE XC-2000"},"content":{"rendered":"<p>Alimentation: 220 V &#8211; 50 Hz<br \/>\nPuissance: 80 W<br \/>\nVitesse: Environ 1 000-4 000 t\/min (par paliers de 500 t\/min)<br \/>\nTemps: 1-60 min<br \/>\nDimensions: 320x290xh 320 mm<br \/>\nPoids: 6 kg<br \/>\nCapacit\u00e9: 10 ou 15 ml x 6<br \/>\nFCR max: 1 790 g<\/p>\n","protected":false},"excerpt":{"rendered":"<p>Centrifugeuse plasma tr\u00e8s silencieuse avec 6 positions pour les tubes d&rsquo;analyse, panneau d&rsquo;affichage de programmation one touch et compteur \u00e9lectronique permettant le r\u00e9glage pr\u00e9cis de la vitesse, de 1 000 t\/min \u00e0 4 000 t\/min (paliers de 500 t\/min).<br \/>\nFournie avec un support en m\u00e9tal pour 6 tubes de 10 ml et un pour 6 tubes de 15 ml.<br \/>\nRappel de m\u00e9moire des derniers param\u00e8tres op\u00e9ratoires.<br \/>\nDur\u00e9e de fonctionnement r\u00e9glable de 1 \u00e0 60 min.<br \/>\nStructure robuste en ABS.<br \/>\nArr\u00eat automatique quand le couvercle est ouvert.<br \/>\nMode d&#8217;emploi: GB, IT.<\/p>\n","protected":false},"featured_media":26598,"template":"","meta":{"_acf_changed":false},"product_brand":[],"product_cat":[1852,890],"product_tag":[],"class_list":{"0":"post-26610","1":"product","2":"type-product","3":"status-publish","4":"has-post-thumbnail","6":"product_cat-centrifugeuses","7":"product_cat-laboratoires-centrifuges-et-microscopes","9":"first","10":"onbackorder","11":"taxable","12":"shipping-taxable","13":"purchasable","14":"product-type-simple"},"acf":{"fornitore":"GIMA","standard_accessori":"","unita_misura":"1 pz."},"_links":{"self":[{"href":"https:\/\/chmedica.ch\/fr\/wp-json\/wp\/v2\/product\/26610","targetHints":{"allow":["GET"]}}],"collection":[{"href":"https:\/\/chmedica.ch\/fr\/wp-json\/wp\/v2\/product"}],"about":[{"href":"https:\/\/chmedica.ch\/fr\/wp-json\/wp\/v2\/types\/product"}],"wp:featuredmedia":[{"embeddable":true,"href":"https:\/\/chmedica.ch\/fr\/wp-json\/wp\/v2\/media\/26598"}],"wp:attachment":[{"href":"https:\/\/chmedica.ch\/fr\/wp-json\/wp\/v2\/media?parent=26610"}],"wp:term":[{"taxonomy":"product_brand","embeddable":true,"href":"https:\/\/chmedica.ch\/fr\/wp-json\/wp\/v2\/product_brand?post=26610"},{"taxonomy":"product_cat","embeddable":true,"href":"https:\/\/chmedica.ch\/fr\/wp-json\/wp\/v2\/product_cat?post=26610"},{"taxonomy":"product_tag","embeddable":true,"href":"https:\/\/chmedica.ch\/fr\/wp-json\/wp\/v2\/product_tag?post=26610"}],"curies":[{"name":"wp","href":"https:\/\/api.w.org\/{rel}","templated":true}]}}